{"id":110,"date":"2020-04-14T11:19:33","date_gmt":"2020-04-14T11:19:33","guid":{"rendered":"http:\/\/hzd54.lodzka.zhp.pl\/?page_id=110"},"modified":"2021-09-01T15:02:43","modified_gmt":"2021-09-01T15:02:43","slug":"sloneczka","status":"publish","type":"page","link":"https:\/\/hzd54.piotrkow.zhp.pl\/?page_id=110","title":{"rendered":"S\u0142oneczka"},"content":{"rendered":"\n<h2 class=\"has-text-align-center wp-block-heading\"><span class=\"has-inline-color has-luminous-vivid-amber-color\"><strong>54 Piotrkowska Gromada Zuchowa ,,S\u0142oneczka\u2019\u2019&nbsp; im. Antka Cwaniaka<\/strong><\/span><\/h2>\n\n\n\n<div class=\"wp-block-image\"><figure class=\"aligncenter size-large is-resized\"><img loading=\"lazy\" decoding=\"async\" src=\"http:\/\/hzd54.lodzka.zhp.pl\/wp-content\/uploads\/2020\/05\/plakietka-1.jpg\" alt=\"\" class=\"wp-image-176\" width=\"339\" height=\"332\"\/><\/figure><\/div>\n\n\n\n<div class=\"wp-block-image\"><figure class=\"aligncenter size-large\"><img loading=\"lazy\" decoding=\"async\" width=\"1024\" height=\"684\" src=\"http:\/\/hzd54.lodzka.zhp.pl\/wp-content\/uploads\/2020\/05\/DSC08491-1024x684.jpg\" alt=\"\" class=\"wp-image-182\" srcset=\"https:\/\/hzd54.piotrkow.zhp.pl\/wp-content\/uploads\/2020\/05\/DSC08491-1024x684.jpg 1024w, https:\/\/hzd54.piotrkow.zhp.pl\/wp-content\/uploads\/2020\/05\/DSC08491-300x200.jpg 300w, https:\/\/hzd54.piotrkow.zhp.pl\/wp-content\/uploads\/2020\/05\/DSC08491-768x513.jpg 768w, https:\/\/hzd54.piotrkow.zhp.pl\/wp-content\/uploads\/2020\/05\/DSC08491-1536x1026.jpg 1536w, https:\/\/hzd54.piotrkow.zhp.pl\/wp-content\/uploads\/2020\/05\/DSC08491-2048x1368.jpg 2048w, https:\/\/hzd54.piotrkow.zhp.pl\/wp-content\/uploads\/2020\/05\/DSC08491-750x501.jpg 750w, https:\/\/hzd54.piotrkow.zhp.pl\/wp-content\/uploads\/2020\/05\/DSC08491.jpg 1920w\" sizes=\"(max-width: 1024px) 100vw, 1024px\" \/><\/figure><\/div>\n\n\n\n<p>Nasze zbi\u00f3rki odbywaj\u0105 si\u0119 w ka\u017cd\u0105<span class=\"has-inline-color has-luminous-vivid-amber-color\"> sobot\u0119 <\/span>o godzinie<span class=\"has-inline-color has-luminous-vivid-amber-color\"> <\/span>9:00-10:30 Spotykamy si\u0119 w harc\u00f3wce HZD54 przy ulicy Wysokiej 28\/38 w Piotrkowie Trybunalskim (szary budynek z zielonym dachem za szko\u0142\u0105).<\/p>\n\n\n\n<p>Na zbi\u00f3rkach zdajemy sprawno\u015bci zuchowe, w trakcie kt\u00f3rych zmieniamy si\u0119 w bajkowe postacie, uczymy o r\u00f3\u017cnych profesjach, rozwijamy nasz\u0105 wyobra\u017ani\u0119 i zdolno\u015bci plastyczne), ale co najwa\u017cniejsze to<span class=\"has-inline-color has-luminous-vivid-amber-color\"> UCZYMY PRZEZ ZABAW\u0118<\/span>. Ka\u017cdy nasz zuch jest promykiem s\u0142o\u0144ca daj\u0105cy ciep\u0142o innym, ka\u017cdy jest inny, ale razem tworzymy gromad\u0119, kt\u00f3ra ciep\u0142o przywita ka\u017cdego nowego promyczka.<\/p>\n\n\n\n<p>Opr\u00f3cz cotygodniowych zbi\u00f3rek, je\u017adzimy na biwaki, rajdy, festiwale, zimowiska oraz kolonie letnie. Szczeg\u00f3le wydarzenia \u015bwi\u0119tujemy r\u00f3wnie\u017c razem z innymi gromadami, dru\u017cynami harcerskimi i w\u0119drownikami.<\/p>\n\n\n\n<p>Nasz\u0105 gromad\u0119 za\u0142o\u017cy\u0142a w 2005 roku dh Kropka, w 2015 funkcj\u0119 dru\u017cynowej przej\u0119\u0142a dh Emilka Nowak (po prawej), a od wrze\u015bnia 2018 do\u0142\u0105czy\u0142a do niej dh Karolina Kaliszewska (po lewej).<\/p>\n\n\n\n<div class=\"wp-block-image\"><figure class=\"aligncenter size-large is-resized\"><img loading=\"lazy\" decoding=\"async\" src=\"http:\/\/hzd54.lodzka.zhp.pl\/wp-content\/uploads\/2020\/05\/Emilka-i-Karolina-2.jpg\" alt=\"\" class=\"wp-image-177\" width=\"336\" height=\"448\" srcset=\"https:\/\/hzd54.piotrkow.zhp.pl\/wp-content\/uploads\/2020\/05\/Emilka-i-Karolina-2.jpg 336w, https:\/\/hzd54.piotrkow.zhp.pl\/wp-content\/uploads\/2020\/05\/Emilka-i-Karolina-2-225x300.jpg 225w\" sizes=\"(max-width: 336px) 100vw, 336px\" \/><\/figure><\/div>\n\n\n\n<div style=\"height:49px\" aria-hidden=\"true\" class=\"wp-block-spacer\"><\/div>\n\n\n\n<h4 class=\"wp-block-heading\">Mamy tak\u017ce swoje Zuchowe Znaki Zwyczaje Obrz\u0119dy i tajemnice, nale\u017c\u0105 do nich:<\/h4>\n\n\n\n<div class=\"wp-block-group\"><div class=\"wp-block-group__inner-container is-layout-flow wp-block-group-is-layout-flow\">\n<ul><li>&nbsp;&nbsp;Meldunek czyli wsch\u00f3d&nbsp;s\u0142o\u0144ca, podczas kt\u00f3rego sz\u00f3stkowi melduj\u0105 swoje sz\u00f3stki w nast\u0119puj\u0105cy spos\u00f3b: Czuj, Czuj Druhno sz\u00f3stkowy \u2026.. melduje, \u017ce wraz ze wschodem s\u0142o\u0144ca budzi si\u0119 5 \u2026. Promyk\u00f3w, 2 promyki \u015bpi\u0105.<\/li><li>Kr\u0105g rady \u2013&nbsp;Pod koniec zbi\u00f3rki zawsze zbieramy si\u0119 w kr\u0119gu rady okrzykiem : \u201e w kr\u0119gu rady poradzimy \u2013 wszystkim zuchom dogodzimy\u201d. W kr\u0119gu rady wyja\u015bniamy wszystkie sprawy, dostajemy sprawno\u015bci i dowiadujemy si\u0119 o wyjazdach i zbi\u00f3rkach HZD 54<\/li><li>Totem \u2013totem towarzyszy nam podczas meldunku, w kr\u0119gu, ka\u017cdym zwiadzie, wycieczce, biwaku i dzi\u0119ki temu s\u0142o\u0144ce jest z nami zawsze nawet gdy pada deszcz.<\/li><li>Okrzyk gromady:  S\u0141O\u0143CE \u2013 \u015aWIECI, S\u0141O\u0143CE \u2013 GRZEJE, S\u0141O\u0143CE SPRAWIA, \u017bE ZUCH SI\u0118 \u015aMIEJE<\/li><li>Zabieranie g\u0142osu&nbsp;\u2013 tak jak pierwsze zuchy Wilczki, za czas\u00f3w naszego bohatera Antka, zg\u0142aszamy si\u0119 robi\u0105c paszczki wilczk\u00f3w d\u0142o\u0144mi<\/li><li>Ulubione zabawy to dentysta i mafia.<\/li><\/ul>\n\n\n\n<div style=\"height:55px\" aria-hidden=\"true\" class=\"wp-block-spacer\"><\/div>\n<\/div><\/div>\n\n\n\n<p>A kim jest dla nas nasz bohater gromady- <span class=\"has-inline-color has-luminous-vivid-amber-color\">Antek Cwaniak?<\/span> Antoni Cwankiewicz to bohater ksi\u0105\u017cki Aleksandra Kami\u0144skiego. By\u0142 niezwykle odwa\u017cny, zawsze weso\u0142y, pe\u0142en energii i pomys\u0142\u00f3w na zabawy z zuchami. Do jego gromady m\u00f3g\u0142 wst\u0105pi\u0107 ka\u017cdy, ale zosta\u0107 mogli tylko Ci najodwa\u017cniejsi. Antek swoim zuchom robi\u0142 pr\u00f3by odwagi, sprawdza\u0142 czy s\u0105 kole\u017ce\u0144scy, czy umiej\u0105 dochowa\u0107 tajemnicy i dobrze zachowywa\u0107 si\u0119 w lesie. Warto\u015bci przedstawione w ksi\u0105\u017cce staramy si\u0119 przekazywa\u0107 naszym zuchom, jednocze\u015bnie si\u0119 \u015bwietnie bawi\u0105c.<\/p>\n\n\n\n<div class=\"wp-block-image\"><figure class=\"aligncenter size-large\"><img loading=\"lazy\" decoding=\"async\" width=\"300\" height=\"448\" src=\"http:\/\/hzd54.lodzka.zhp.pl\/wp-content\/uploads\/2020\/05\/antek-cwaniak.jpg\" alt=\"\" class=\"wp-image-178\" srcset=\"https:\/\/hzd54.piotrkow.zhp.pl\/wp-content\/uploads\/2020\/05\/antek-cwaniak.jpg 300w, https:\/\/hzd54.piotrkow.zhp.pl\/wp-content\/uploads\/2020\/05\/antek-cwaniak-201x300.jpg 201w\" sizes=\"(max-width: 300px) 100vw, 300px\" \/><\/figure><\/div>\n\n\n\n<div style=\"height:51px\" aria-hidden=\"true\" class=\"wp-block-spacer\"><\/div>\n\n\n\n<h3 class=\"has-text-align-center wp-block-heading\">W sk\u0142ad naszej gromady wchodz\u0105 cztery ,,sz\u00f3stki\u2019\u2019:<\/h3>\n\n\n\n<div class=\"wp-block-group\"><div class=\"wp-block-group__inner-container is-layout-flow wp-block-group-is-layout-flow\">\n<ul><li>Radosne Promyki- dziewczynki<\/li><li>Szalone Promyki- dziewczynki<\/li><li>Zwariowane Promyki- ch\u0142opcy<\/li><li>Zwinne promyki- ch\u0142opcy<\/li><\/ul>\n<\/div><\/div>\n\n\n\n<div style=\"height:22px\" aria-hidden=\"true\" class=\"wp-block-spacer\"><\/div>\n\n\n\n<h4 class=\"has-text-align-center wp-block-heading\">A oto nasi funkcyjni gromady:<\/h4>\n\n\n\n<div class=\"wp-block-image\"><figure class=\"aligncenter size-large\"><img loading=\"lazy\" decoding=\"async\" width=\"1024\" height=\"684\" src=\"http:\/\/hzd54.lodzka.zhp.pl\/wp-content\/uploads\/2020\/05\/DSC08507-1024x684.jpg\" alt=\"\" class=\"wp-image-181\" srcset=\"https:\/\/hzd54.piotrkow.zhp.pl\/wp-content\/uploads\/2020\/05\/DSC08507-1024x684.jpg 1024w, https:\/\/hzd54.piotrkow.zhp.pl\/wp-content\/uploads\/2020\/05\/DSC08507-300x200.jpg 300w, https:\/\/hzd54.piotrkow.zhp.pl\/wp-content\/uploads\/2020\/05\/DSC08507-768x513.jpg 768w, https:\/\/hzd54.piotrkow.zhp.pl\/wp-content\/uploads\/2020\/05\/DSC08507-1536x1026.jpg 1536w, https:\/\/hzd54.piotrkow.zhp.pl\/wp-content\/uploads\/2020\/05\/DSC08507-2048x1368.jpg 2048w, https:\/\/hzd54.piotrkow.zhp.pl\/wp-content\/uploads\/2020\/05\/DSC08507-750x501.jpg 750w, https:\/\/hzd54.piotrkow.zhp.pl\/wp-content\/uploads\/2020\/05\/DSC08507.jpg 1920w\" sizes=\"(max-width: 1024px) 100vw, 1024px\" \/><\/figure><\/div>\n","protected":false},"excerpt":{"rendered":"<p>54 Piotrkowska Gromada Zuchowa ,,S\u0142oneczka\u2019\u2019&nbsp; im. Antka Cwaniaka Nasze zbi\u00f3rki odbywaj\u0105 si\u0119 w ka\u017cd\u0105 sobot\u0119 o godzinie 9:00-10:30 Spotykamy si\u0119 w harc\u00f3wce HZD54 przy ulicy Wysokiej 28\/38 w Piotrkowie Trybunalskim (szary budynek z zielonym dachem za szko\u0142\u0105). Na zbi\u00f3rkach zdajemy sprawno\u015bci zuchowe, w trakcie kt\u00f3rych zmieniamy si\u0119 w bajkowe postacie, uczymy o r\u00f3\u017cnych profesjach, rozwijamy&hellip;<a href=\"https:\/\/hzd54.piotrkow.zhp.pl\/?page_id=110\" class=\"more-link\">Continue reading <span class=\"screen-reader-text\">S\u0142oneczka<\/span><\/a><\/p>\n","protected":false},"author":2,"featured_media":0,"parent":0,"menu_order":0,"comment_status":"closed","ping_status":"closed","template":"","meta":{"footnotes":""},"_links":{"self":[{"href":"https:\/\/hzd54.piotrkow.zhp.pl\/index.php?rest_route=\/wp\/v2\/pages\/110"}],"collection":[{"href":"https:\/\/hzd54.piotrkow.zhp.pl\/index.php?rest_route=\/wp\/v2\/pages"}],"about":[{"href":"https:\/\/hzd54.piotrkow.zhp.pl\/index.php?rest_route=\/wp\/v2\/types\/page"}],"author":[{"embeddable":true,"href":"https:\/\/hzd54.piotrkow.zhp.pl\/index.php?rest_route=\/wp\/v2\/users\/2"}],"replies":[{"embeddable":true,"href":"https:\/\/hzd54.piotrkow.zhp.pl\/index.php?rest_route=%2Fwp%2Fv2%2Fcomments&post=110"}],"version-history":[{"count":13,"href":"https:\/\/hzd54.piotrkow.zhp.pl\/index.php?rest_route=\/wp\/v2\/pages\/110\/revisions"}],"predecessor-version":[{"id":424,"href":"https:\/\/hzd54.piotrkow.zhp.pl\/index.php?rest_route=\/wp\/v2\/pages\/110\/revisions\/424"}],"wp:attachment":[{"href":"https:\/\/hzd54.piotrkow.zhp.pl\/index.php?rest_route=%2Fwp%2Fv2%2Fmedia&parent=110"}],"curies":[{"name":"wp","href":"https:\/\/api.w.org\/{rel}","templated":true}]}}