{"id":112,"date":"2020-04-14T11:19:33","date_gmt":"2020-04-14T11:19:33","guid":{"rendered":"http:\/\/hzd54.lodzka.zhp.pl\/?page_id=112"},"modified":"2020-05-07T10:45:27","modified_gmt":"2020-05-07T10:45:27","slug":"wicher","status":"publish","type":"page","link":"https:\/\/hzd54.piotrkow.zhp.pl\/?page_id=112","title":{"rendered":"Wicher"},"content":{"rendered":"\n<h2 class=\"has-text-align-center wp-block-heading\"><strong><span class=\"has-inline-color has-vivid-cyan-blue-color\">54 Dru\u017cyna Harcerska&nbsp; z Gorzkowic \u201eWICHER\u201d im. Obro\u0144c\u00f3w Wizny<\/span><\/strong><\/h2>\n\n\n\n<div class=\"wp-block-image\"><figure class=\"aligncenter size-large is-resized\"><img loading=\"lazy\" decoding=\"async\" src=\"http:\/\/hzd54.lodzka.zhp.pl\/wp-content\/uploads\/2020\/05\/Plakietka-2-1024x617.jpg\" alt=\"\" class=\"wp-image-217\" width=\"540\" height=\"325\" srcset=\"https:\/\/hzd54.piotrkow.zhp.pl\/wp-content\/uploads\/2020\/05\/Plakietka-2-1024x617.jpg 1024w, https:\/\/hzd54.piotrkow.zhp.pl\/wp-content\/uploads\/2020\/05\/Plakietka-2-300x181.jpg 300w, https:\/\/hzd54.piotrkow.zhp.pl\/wp-content\/uploads\/2020\/05\/Plakietka-2-768x463.jpg 768w, https:\/\/hzd54.piotrkow.zhp.pl\/wp-content\/uploads\/2020\/05\/Plakietka-2-1536x926.jpg 1536w, https:\/\/hzd54.piotrkow.zhp.pl\/wp-content\/uploads\/2020\/05\/Plakietka-2-750x452.jpg 750w, https:\/\/hzd54.piotrkow.zhp.pl\/wp-content\/uploads\/2020\/05\/Plakietka-2.jpg 1882w\" sizes=\"(max-width: 540px) 100vw, 540px\" \/><\/figure><\/div>\n\n\n\n<p>Wszystko zacz\u0119\u0142o si\u0119 9 wrze\u015bnia 2006 roku, kiedy odby\u0142a si\u0119 pierwsza oficjalna zbi\u00f3rka naszej dru\u017cyny. Dru\u017cyn\u0119 stworzy\u0142 dh. Konrad Banaszewski jednocze\u015bnie zostaj\u0105c pierwszym dru\u017cynowym. Nasza dru\u017cyna prze\u017cy\u0142a mas\u0119 wzlot\u00f3w i upadk\u00f3w, lecz mimo wszystko pr\u0119\u017cnie dzia\u0142a dalej!<\/p>\n\n\n\n<div style=\"height:51px\" aria-hidden=\"true\" class=\"wp-block-spacer\"><\/div>\n\n\n\n<div class=\"wp-block-image\"><figure class=\"aligncenter size-large is-resized\"><img loading=\"lazy\" decoding=\"async\" src=\"http:\/\/hzd54.lodzka.zhp.pl\/wp-content\/uploads\/2020\/05\/Iza.jpeg\" alt=\"\" class=\"wp-image-191\" width=\"322\" height=\"429\" srcset=\"https:\/\/hzd54.piotrkow.zhp.pl\/wp-content\/uploads\/2020\/05\/Iza.jpeg 706w, https:\/\/hzd54.piotrkow.zhp.pl\/wp-content\/uploads\/2020\/05\/Iza-225x300.jpeg 225w\" sizes=\"(max-width: 322px) 100vw, 322px\" \/><figcaption><strong><span class=\"has-inline-color has-vivid-cyan-blue-color\">Opiekunem naszej dru\u017cyny jest <\/span><\/strong><br><strong><span class=\"has-inline-color has-very-dark-gray-color\">pwd. Izabela Purzy\u0144ska<\/span><\/strong><\/figcaption><\/figure><\/div>\n\n\n\n<div style=\"height:35px\" aria-hidden=\"true\" class=\"wp-block-spacer\"><\/div>\n\n\n\n<h3 class=\"has-text-align-center wp-block-heading\"><span class=\"has-inline-color has-vivid-cyan-blue-color\">Nasza kadra:<\/span><\/h3>\n\n\n\n<div class=\"wp-block-image\"><figure class=\"aligncenter size-large is-resized\"><img loading=\"lazy\" decoding=\"async\" src=\"http:\/\/hzd54.lodzka.zhp.pl\/wp-content\/uploads\/2020\/05\/Karolina.jpg\" alt=\"\" class=\"wp-image-192\" width=\"236\" height=\"468\" srcset=\"https:\/\/hzd54.piotrkow.zhp.pl\/wp-content\/uploads\/2020\/05\/Karolina.jpg 189w, https:\/\/hzd54.piotrkow.zhp.pl\/wp-content\/uploads\/2020\/05\/Karolina-151x300.jpg 151w\" sizes=\"(max-width: 236px) 100vw, 236px\" \/><figcaption><span class=\"has-inline-color has-vivid-cyan-blue-color\"><strong>Dru\u017cynowa<\/strong>: <\/span><br>och. Karolina Janocha<br>(Nr. Tel. 517&nbsp;729&nbsp;745)<\/figcaption><\/figure><\/div>\n\n\n\n<div class=\"wp-block-group is-layout-flow wp-block-group-is-layout-flow\"><div class=\"wp-block-group__inner-container\"><\/div><\/div>\n\n\n\n<div class=\"wp-block-image\"><figure class=\"aligncenter size-large is-resized\"><img loading=\"lazy\" decoding=\"async\" src=\"http:\/\/hzd54.lodzka.zhp.pl\/wp-content\/uploads\/2020\/05\/Martyna.jpeg\" alt=\"\" class=\"wp-image-193\" width=\"551\" height=\"406\" srcset=\"https:\/\/hzd54.piotrkow.zhp.pl\/wp-content\/uploads\/2020\/05\/Martyna.jpeg 720w, https:\/\/hzd54.piotrkow.zhp.pl\/wp-content\/uploads\/2020\/05\/Martyna-300x222.jpeg 300w\" sizes=\"(max-width: 551px) 100vw, 551px\" \/><figcaption><strong>&nbsp;<span class=\"has-inline-color has-vivid-cyan-blue-color\">Przyboczna:<\/span><\/strong><br><strong><span class=\"has-inline-color has-vivid-cyan-blue-color\"> <\/span><\/strong>harc. Martyna Warda<br>(Nr. Tel. 692&nbsp;888&nbsp;645)<\/figcaption><\/figure><\/div>\n\n\n\n<div class=\"wp-block-image\"><figure class=\"aligncenter size-large is-resized\"><img loading=\"lazy\" decoding=\"async\" src=\"http:\/\/hzd54.lodzka.zhp.pl\/wp-content\/uploads\/2020\/05\/Sara.jpeg\" alt=\"\" class=\"wp-image-194\" width=\"298\" height=\"620\" srcset=\"https:\/\/hzd54.piotrkow.zhp.pl\/wp-content\/uploads\/2020\/05\/Sara.jpeg 335w, https:\/\/hzd54.piotrkow.zhp.pl\/wp-content\/uploads\/2020\/05\/Sara-144x300.jpeg 144w\" sizes=\"(max-width: 298px) 100vw, 298px\" \/><figcaption><strong><span class=\"has-inline-color has-vivid-cyan-blue-color\">&nbsp;Przyboczna:<\/span><\/strong><br><strong> <\/strong>och. Sara Glapi\u0144ska<br>(Nr. Tel. 661&nbsp;763&nbsp;971)<\/figcaption><\/figure><\/div>\n\n\n\n<h3 class=\"has-text-align-center wp-block-heading\"><span class=\"has-inline-color has-vivid-cyan-blue-color\">Nasza dru\u017cyna liczy 4 zast\u0119py: dwa damskie oraz dwa m\u0119skie.<\/span><\/h3>\n\n\n\n<h3 class=\"has-text-align-center wp-block-heading\"><strong><span class=\"has-inline-color has-vivid-cyan-blue-color\">Cyklon<\/span><\/strong><\/h3>\n\n\n\n<div class=\"wp-block-image\"><figure class=\"aligncenter size-large\"><img loading=\"lazy\" decoding=\"async\" width=\"720\" height=\"530\" src=\"http:\/\/hzd54.lodzka.zhp.pl\/wp-content\/uploads\/2020\/05\/Cyklon.jpeg\" alt=\"\" class=\"wp-image-197\" srcset=\"https:\/\/hzd54.piotrkow.zhp.pl\/wp-content\/uploads\/2020\/05\/Cyklon.jpeg 720w, https:\/\/hzd54.piotrkow.zhp.pl\/wp-content\/uploads\/2020\/05\/Cyklon-300x221.jpeg 300w\" sizes=\"(max-width: 720px) 100vw, 720px\" \/><\/figure><\/div>\n\n\n\n<p><strong>&nbsp;Zast\u0119powy:<\/strong> harc. Oscar Di Cara<\/p>\n\n\n\n<div style=\"height:59px\" aria-hidden=\"true\" class=\"wp-block-spacer\"><\/div>\n\n\n\n<h3 class=\"has-text-align-center wp-block-heading\"><strong><span class=\"has-inline-color has-vivid-cyan-blue-color\">Huragan<\/span><\/strong><\/h3>\n\n\n\n<div class=\"wp-block-image\"><figure class=\"aligncenter size-large\"><img loading=\"lazy\" decoding=\"async\" width=\"720\" height=\"534\" src=\"http:\/\/hzd54.lodzka.zhp.pl\/wp-content\/uploads\/2020\/05\/Huragan.jpeg\" alt=\"\" class=\"wp-image-198\" srcset=\"https:\/\/hzd54.piotrkow.zhp.pl\/wp-content\/uploads\/2020\/05\/Huragan.jpeg 720w, https:\/\/hzd54.piotrkow.zhp.pl\/wp-content\/uploads\/2020\/05\/Huragan-300x223.jpeg 300w\" sizes=\"(max-width: 720px) 100vw, 720px\" \/><\/figure><\/div>\n\n\n\n<p><strong>Zast\u0119powa: <\/strong>harc. Anna Pie\u015bcik<\/p>\n\n\n\n<div style=\"height:63px\" aria-hidden=\"true\" class=\"wp-block-spacer\"><\/div>\n\n\n\n<h3 class=\"has-text-align-center wp-block-heading\"><strong><span class=\"has-inline-color has-vivid-cyan-blue-color\">Tornado<\/span><\/strong><\/h3>\n\n\n\n<div class=\"wp-block-image\"><figure class=\"aligncenter size-large is-resized\"><img loading=\"lazy\" decoding=\"async\" src=\"http:\/\/hzd54.lodzka.zhp.pl\/wp-content\/uploads\/2020\/05\/Tornado.jpeg\" alt=\"\" class=\"wp-image-199\" width=\"432\" height=\"555\" srcset=\"https:\/\/hzd54.piotrkow.zhp.pl\/wp-content\/uploads\/2020\/05\/Tornado.jpeg 720w, https:\/\/hzd54.piotrkow.zhp.pl\/wp-content\/uploads\/2020\/05\/Tornado-234x300.jpeg 234w\" sizes=\"(max-width: 432px) 100vw, 432px\" \/><\/figure><\/div>\n\n\n\n<p><strong>Zast\u0119powy:<\/strong> harc. Ksawery Patryarcha<\/p>\n\n\n\n<div style=\"height:66px\" aria-hidden=\"true\" class=\"wp-block-spacer\"><\/div>\n\n\n\n<h3 class=\"has-text-align-center wp-block-heading\"><strong><span class=\"has-inline-color has-vivid-cyan-blue-color\">Tajfun<\/span><\/strong><\/h3>\n\n\n\n<div class=\"wp-block-image\"><figure class=\"aligncenter size-large\"><img loading=\"lazy\" decoding=\"async\" width=\"720\" height=\"430\" src=\"http:\/\/hzd54.lodzka.zhp.pl\/wp-content\/uploads\/2020\/05\/Tajfun.jpeg\" alt=\"\" class=\"wp-image-200\" srcset=\"https:\/\/hzd54.piotrkow.zhp.pl\/wp-content\/uploads\/2020\/05\/Tajfun.jpeg 720w, https:\/\/hzd54.piotrkow.zhp.pl\/wp-content\/uploads\/2020\/05\/Tajfun-300x179.jpeg 300w\" sizes=\"(max-width: 720px) 100vw, 720px\" \/><\/figure><\/div>\n\n\n\n<p><strong>Zast\u0119powa:<\/strong> harc. Weronika \u015amigielska<\/p>\n\n\n\n<div style=\"height:56px\" aria-hidden=\"true\" class=\"wp-block-spacer\"><\/div>\n\n\n\n<p>Funkcj\u0119 <strong>proporcowego dru\u017cyny <\/strong>pe\u0142ni harc. Anna Pie\u015bcik<\/p>\n\n\n\n<div style=\"height:42px\" aria-hidden=\"true\" class=\"wp-block-spacer\"><\/div>\n\n\n\n<h2 class=\"has-text-align-center wp-block-heading\"><strong><span class=\"has-inline-color has-vivid-cyan-blue-color\">Wszyscy inni, wszyscy r\u00f3\u017cni, wszyscy WYJ\u0104TKOWI!<\/span><\/strong><\/h2>\n\n\n\n<div class=\"wp-block-image\"><figure class=\"aligncenter size-large is-resized\"><img loading=\"lazy\" decoding=\"async\" src=\"http:\/\/hzd54.lodzka.zhp.pl\/wp-content\/uploads\/2020\/05\/Wicher.jpg\" alt=\"\" class=\"wp-image-202\" width=\"696\" height=\"478\" srcset=\"https:\/\/hzd54.piotrkow.zhp.pl\/wp-content\/uploads\/2020\/05\/Wicher.jpg 720w, https:\/\/hzd54.piotrkow.zhp.pl\/wp-content\/uploads\/2020\/05\/Wicher-300x206.jpg 300w\" sizes=\"(max-width: 696px) 100vw, 696px\" \/><\/figure><\/div>\n\n\n\n<div style=\"height:35px\" aria-hidden=\"true\" class=\"wp-block-spacer\"><\/div>\n\n\n\n<p>Teraz troch\u0119 o bohaterze naszej dru\u017cyny:<\/p>\n\n\n\n<h3 class=\"wp-block-heading\"><strong><span class=\"has-inline-color has-vivid-cyan-blue-color\">Obrona Wizny<\/span><\/strong><\/h3>\n\n\n\n<div class=\"wp-block-group\"><div class=\"wp-block-group__inner-container is-layout-flow wp-block-group-is-layout-flow\">\n<p><strong>Jedna z bitew, kt\u00f3ra nie bez powodu nazywana jest polskimi Termopilami. Gar\u015b\u0107 polskich \u017co\u0142nierzy broni\u0142a si\u0119 przeciwko czterdziestokrotnie liczniejszemu przeciwnikowi. Przeciwko czo\u0142gom, samolotom, artylerii i piechocie wroga mieli tylko betonowy bunkier i lekk\u0105 bro\u0144. Nie bez powodu bitwa pod Wizn\u0105, kt\u00f3ra mia\u0142a miejsce w dniach 7\u201310 wrze\u015bnia 1939 roku nazywana jest polskimi Termopilami.<\/strong><\/p>\n\n\n\n<p>Razem obsada pozycji \u201eWizna\u201d liczy\u0142a 720 \u017co\u0142nierzy. Ca\u0142o\u015bci\u0105 si\u0142 dowodzi\u0142 kpt. W\u0142adys\u0142aw Raginis.&nbsp; Zgrupowanie niemieckie skierowane do walki na odcinku \u201eWizna\u201d liczy\u0142o ok. 42 tys. \u017co\u0142nierzy, a ja jego czele stan\u0105\u0142 Heinz Guderian.<\/p>\n\n\n\n<p>8 wrze\u015bnia dosz\u0142o do pierwszych star\u0107, a dzie\u0144 p\u00f3\u017aniej Niemcy przypu\u015bcili zmasowane uderzenie. Obro\u0144cy dzielnie odpierali kolejne ataki, cho\u0107 w pewnym momencie nieprzyjaciel mia\u0142 do dyspozycji 40 razy wi\u0119cej \u017co\u0142nierzy! Ostatecznie jednak 10 wrze\u015bnia linia obrony zosta\u0142a prze\u0142amana. Kpt. Raginis, wobec braku mo\u017cliwo\u015bci kontynuowania walki i ci\u0119\u017ckich ran towarzyszy broni, pope\u0142ni\u0142 samob\u00f3jstwo wysadzaj\u0105c si\u0119 granatem.<\/p>\n\n\n\n<p>Bitwa pod Wizn\u0105 nie by\u0142a jedynie spektakularnym przyk\u0142adem po\u015bwi\u0119cenia. By\u0142a tak\u017ce \u015bwietnym przyk\u0142adem doskona\u0142ego zorganizowania polskich obro\u0144c\u00f3w, kt\u00f3rzy utrzymali swoje pozycje na tyle d\u0142ugo, by pozwoli\u0107 na zreorganizowanie obrony Warszawy. Ich wysi\u0142ki nie posz\u0142y na marne, bowiem umo\u017cliwi\u0142y wydatn\u0105 defensyw\u0119 stolicy. Ich hart ducha i wola walki sta\u0142y si\u0119 symbolem bohaterstwa \u017co\u0142nierzy Wojska Polskiego, kt\u00f3rzy nawet w obliczu mia\u017cd\u017c\u0105cej przewagi wroga potrafili zadawa\u0107 mu ci\u0119\u017ckie straty i odpiera\u0107 zmasowane uderzenia.<\/p>\n\n\n\n<div class=\"wp-block-group is-layout-flow wp-block-group-is-layout-flow\"><div class=\"wp-block-group__inner-container\"><\/div><\/div>\n<\/div><\/div>\n","protected":false},"excerpt":{"rendered":"<p>54 Dru\u017cyna Harcerska&nbsp; z Gorzkowic \u201eWICHER\u201d im. Obro\u0144c\u00f3w Wizny Wszystko zacz\u0119\u0142o si\u0119 9 wrze\u015bnia 2006 roku, kiedy odby\u0142a si\u0119 pierwsza oficjalna zbi\u00f3rka naszej dru\u017cyny. Dru\u017cyn\u0119 stworzy\u0142 dh. Konrad Banaszewski jednocze\u015bnie zostaj\u0105c pierwszym dru\u017cynowym. Nasza dru\u017cyna prze\u017cy\u0142a mas\u0119 wzlot\u00f3w i upadk\u00f3w, lecz mimo wszystko pr\u0119\u017cnie dzia\u0142a dalej! Nasza kadra: Nasza dru\u017cyna liczy 4 zast\u0119py: dwa damskie&hellip;<a href=\"https:\/\/hzd54.piotrkow.zhp.pl\/?page_id=112\" class=\"more-link\">Continue reading <span class=\"screen-reader-text\">Wicher<\/span><\/a><\/p>\n","protected":false},"author":2,"featured_media":0,"parent":0,"menu_order":0,"comment_status":"closed","ping_status":"closed","template":"","meta":{"footnotes":""},"_links":{"self":[{"href":"https:\/\/hzd54.piotrkow.zhp.pl\/index.php?rest_route=\/wp\/v2\/pages\/112"}],"collection":[{"href":"https:\/\/hzd54.piotrkow.zhp.pl\/index.php?rest_route=\/wp\/v2\/pages"}],"about":[{"href":"https:\/\/hzd54.piotrkow.zhp.pl\/index.php?rest_route=\/wp\/v2\/types\/page"}],"author":[{"embeddable":true,"href":"https:\/\/hzd54.piotrkow.zhp.pl\/index.php?rest_route=\/wp\/v2\/users\/2"}],"replies":[{"embeddable":true,"href":"https:\/\/hzd54.piotrkow.zhp.pl\/index.php?rest_route=%2Fwp%2Fv2%2Fcomments&post=112"}],"version-history":[{"count":8,"href":"https:\/\/hzd54.piotrkow.zhp.pl\/index.php?rest_route=\/wp\/v2\/pages\/112\/revisions"}],"predecessor-version":[{"id":272,"href":"https:\/\/hzd54.piotrkow.zhp.pl\/index.php?rest_route=\/wp\/v2\/pages\/112\/revisions\/272"}],"wp:attachment":[{"href":"https:\/\/hzd54.piotrkow.zhp.pl\/index.php?rest_route=%2Fwp%2Fv2%2Fmedia&parent=112"}],"curies":[{"name":"wp","href":"https:\/\/api.w.org\/{rel}","templated":true}]}}