{"id":115,"date":"2020-04-14T11:19:34","date_gmt":"2020-04-14T11:19:34","guid":{"rendered":"http:\/\/hzd54.lodzka.zhp.pl\/?page_id=115"},"modified":"2020-05-07T10:23:04","modified_gmt":"2020-05-07T10:23:04","slug":"zrodlo","status":"publish","type":"page","link":"https:\/\/hzd54.piotrkow.zhp.pl\/?page_id=115","title":{"rendered":"\u0179r\u00f3d\u0142o"},"content":{"rendered":"\n<h2 class=\"has-text-align-center wp-block-heading\"><strong><span class=\"has-inline-color has-vivid-cyan-blue-color\">54 PIOTRKOWSKA DRU\u017bYNA HARCERZY STARSZYCH ,,\u0179R\u00d3D\u0141O\u201d IM. BATALIONU ,,ZO\u015aKA\u201d<\/span><\/strong><\/h2>\n\n\n\n<div class=\"wp-block-image\"><figure class=\"aligncenter size-large is-resized\"><img loading=\"lazy\" decoding=\"async\" src=\"http:\/\/hzd54.lodzka.zhp.pl\/wp-content\/uploads\/2020\/05\/plakietka.jpg\" alt=\"\" class=\"wp-image-153\" width=\"308\" height=\"410\" srcset=\"https:\/\/hzd54.piotrkow.zhp.pl\/wp-content\/uploads\/2020\/05\/plakietka.jpg 750w, https:\/\/hzd54.piotrkow.zhp.pl\/wp-content\/uploads\/2020\/05\/plakietka-225x300.jpg 225w\" sizes=\"(max-width: 308px) 100vw, 308px\" \/><\/figure><\/div>\n\n\n\n<p>Zbi\u00f3rki odbywaj\u0105 si\u0119 w <strong>ka\u017cdy pi\u0105tek w godzinach 17:30-19:30<\/strong> w naszej harc\u00f3wce w Piotrkowie Trybunalskim.<\/p>\n\n\n\n<div style=\"height:38px\" aria-hidden=\"true\" class=\"wp-block-spacer\"><\/div>\n\n\n\n<p style=\"font-size:30px\" class=\"has-text-align-center\"><strong>Sk\u0142ad naszej dru\u017cyny:<\/strong><\/p>\n\n\n\n<p class=\"has-medium-font-size\"><strong><span class=\"has-inline-color has-vivid-cyan-blue-color\">POTOK,czyli babski patrol<\/span><\/strong><\/p>\n\n\n\n<p>Nasz patrol nazywa si\u0119 Potok. Potoczanki (sk\u0142adowe patrolu) s\u0105 nieszablonowe), ka\u017cda ma inny matrix (oczywi\u015bcie nie mitochondrium tylko ten z filmu), jednak\u017ce nasze odr\u0119bne rzeczywisto\u015bci razem tworz\u0105 jedno\u015b\u0107:<\/p>\n\n\n\n<ul><li>Michalina- nie potrafi piec pianek, wed\u0142ug powszechnej opinii \u015bpi za d\u0142ugo i w nieodpowiednich porach jednak dla niej samej to wci\u0105\u017c zbyt ma\u0142o;<\/li><li>Justyna- ma pseudonim Algida( d\u0142uga historia), kreatywno\u015b\u0107 swojej niespokojnej duszy wyra\u017ca cz\u0119st\u0105 zmian\u0105 koloru w\u0142os\u00f3w;<\/li><\/ul>\n\n\n\n<ul><li>Magda- jej fizjonomia budzi zaufanie, dlatego nikt nie pos\u0105dza jej o k\u0142amstwo( a my perfidnie do wykorzystujemy), ale je\u015bli co\u015b jej po\u017cyczysz to pr\u0119dzej si\u0119 zestarzejesz ni\u017c to odzyskasz;<\/li><li>Martyna-potrafi inteligentnie m\u00f3wi\u0107 na wiele temat\u00f3w, nawet je\u015bli ma o czym\u015b ma\u0142e poj\u0119cie, gdy wko\u0142o brak pomys\u0142\u00f3w, ona zawsze jaki\u015b znajdzie;<\/li><li>&nbsp;Zuza- ma siln\u0105 ch\u0119\u0107 rywalizacji, chce wygra\u0107 ka\u017cde zawody (nawet je\u015bli konkurencja polega na jak najwi\u0119kszej ilo\u015bci chrupek w ustach), je\u015bli si\u0119 z ni\u0105 k\u0142\u00f3cisz to niestety nie masz szans;<\/li><li>&nbsp;Natalia- posiada nieprzeci\u0119tn\u0105 umiej\u0119tno\u015b\u0107 racjonalnego my\u015blenia( zw\u0142aszcza, gdy reszcie tego brakuje), ale \u0142atwo wybucha, kiedy wyprowadzi si\u0119 j\u0105 z r\u00f3wnowagi, a wtedy \u201eBo\u017ce uchowaj\u201d;<\/li><li>Julia &#8211; nie wa\u017cne czy ma racj\u0119 czy nie, b\u0119dzie broni\u0142a swojego<\/li><\/ul>\n\n\n\n<figure class=\"wp-block-image size-large\"><img loading=\"lazy\" decoding=\"async\" width=\"1024\" height=\"534\" src=\"http:\/\/hzd54.lodzka.zhp.pl\/wp-content\/uploads\/2020\/05\/potok-1024x534.png\" alt=\"\" class=\"wp-image-154\" srcset=\"https:\/\/hzd54.piotrkow.zhp.pl\/wp-content\/uploads\/2020\/05\/potok-1024x534.png 1024w, https:\/\/hzd54.piotrkow.zhp.pl\/wp-content\/uploads\/2020\/05\/potok-300x156.png 300w, https:\/\/hzd54.piotrkow.zhp.pl\/wp-content\/uploads\/2020\/05\/potok-768x400.png 768w, https:\/\/hzd54.piotrkow.zhp.pl\/wp-content\/uploads\/2020\/05\/potok-750x391.png 750w, https:\/\/hzd54.piotrkow.zhp.pl\/wp-content\/uploads\/2020\/05\/potok.png 1228w\" sizes=\"(max-width: 1024px) 100vw, 1024px\" \/><\/figure>\n\n\n\n<figure class=\"wp-block-image size-large\"><img loading=\"lazy\" decoding=\"async\" width=\"1024\" height=\"532\" src=\"http:\/\/hzd54.lodzka.zhp.pl\/wp-content\/uploads\/2020\/05\/potok1-1024x532.png\" alt=\"\" class=\"wp-image-155\" srcset=\"https:\/\/hzd54.piotrkow.zhp.pl\/wp-content\/uploads\/2020\/05\/potok1-1024x532.png 1024w, https:\/\/hzd54.piotrkow.zhp.pl\/wp-content\/uploads\/2020\/05\/potok1-300x156.png 300w, https:\/\/hzd54.piotrkow.zhp.pl\/wp-content\/uploads\/2020\/05\/potok1-768x399.png 768w, https:\/\/hzd54.piotrkow.zhp.pl\/wp-content\/uploads\/2020\/05\/potok1-750x390.png 750w, https:\/\/hzd54.piotrkow.zhp.pl\/wp-content\/uploads\/2020\/05\/potok1.png 1230w\" sizes=\"(max-width: 1024px) 100vw, 1024px\" \/><figcaption><br><\/figcaption><\/figure>\n\n\n\n<p class=\"has-medium-font-size\"><strong><span class=\"has-inline-color has-vivid-cyan-blue-color\">-H2O, ten m\u0119ski<\/span><\/strong><\/p>\n\n\n\n<p>H2O to patrol teoretycznie m\u0119ski. W sk\u0142ad wchodz\u0105 ch\u0142opcy o r\u00f3\u017cnym poziomie testosteronu i sprawno\u015bci intelektualnej.<\/p>\n\n\n\n<ul><li>Kafar- nie wszyscy pami\u0119taj\u0105 jak ma naprawd\u0119 na imi\u0119, jest wysokiej klasy informatykiem( potrafi stworzy\u0107 serwer Minecraft);<\/li><li>&nbsp;Le\u015bny- on nie ma imienia w og\u00f3le, jest do\u015b\u0107 uparty( je\u015bli ma do wyboru bra\u0107 udzia\u0142 w g\u0142upiej grze lub robi\u0107 500 przysiad\u00f3w, to wybierze przysiady;<\/li><li>&nbsp;Igor- najlepszy gaw\u0119dziarz w patrolu, dru\u017cynie, ca\u0142ym HZD 54, ma czasem sk\u0142onno\u015bci do konfabulacji, jednak zawsze na korzy\u015b\u0107 jako\u015bci historii;<\/li><li>&nbsp;Andrzej- posiada niesamowit\u0105 wiedz\u0119 na temat ro\u015blinno\u015bci( zna nawet \u0142aci\u0144skie nazwy), melancholizm i charyzma sprawiaj\u0105, \u017ce potrafi si\u0119 dogada\u0107 z ka\u017cdym;<\/li><li>Kacper- ciekawa osobowo\u015b\u0107, tak oddana mi\u0142o\u015bci, \u017ce nie waha si\u0119 po\u015bwi\u0119ci\u0107 dla niej czegokolwiek<\/li><li>Mijas- agresor, tyran<\/li><\/ul>\n\n\n\n<div style=\"height:40px\" aria-hidden=\"true\" class=\"wp-block-spacer\"><\/div>\n\n\n\n<p class=\"has-medium-font-size\"><strong><span class=\"has-inline-color has-vivid-cyan-blue-color\">KADRA:<\/span><\/strong><\/p>\n\n\n\n<ul><li>Opiekun dru\u017cyny- pwd. Konrad Banaszewski<\/li><li>Dru\u017cynowa- trop. Gabriela Helman<\/li><\/ul>\n\n\n\n<div style=\"height:40px\" aria-hidden=\"true\" class=\"wp-block-spacer\"><\/div>\n\n\n\n<p><span class=\"has-inline-color has-vivid-cyan-blue-color\"><strong>NASZ BOHATER- BATALION ,,ZO\u015aKA\u201d<\/strong> <\/span>Naszym bohaterem jest <strong>Batalion \u201eZo\u015bka\u201d<\/strong> kt\u00f3ry by\u0142 aktywny podczas drugiej Wojny \u015awiatowej. Batalion Armii Krajowej (AK) bior\u0105cy udzia\u0142 w powstaniu warszawskim, sk\u0142adaj\u0105cy si\u0119 przede wszystkim z cz\u0142onk\u00f3w \u201eSzarych Szereg\u00f3w\u201d, konspiracyjnego Zwi\u0105zku Harcerstwa Polskiego.\u00a0 Dow\u00f3dc\u0105 batalionu by\u0142 Ryszard Bia\u0142ous \u201eJerzy\u201d.\u00a0 \u017bo\u0142nierze batalionu brali udzia\u0142 w akcjach dywersyjno-sabota\u017cowych, W powstaniu warszawskim batalion \u201eZo\u015bka\u201d walczy\u0142 w zgrupowaniu AK \u201eRados\u0142aw\u201d na Woli i Starym Mie\u015bcie, sk\u0105d kompania \u201eRudy\u201d, dowodzona przez Andrzeja Romockiego \u201eMorro\u201d, jako jedyna spo\u015br\u00f3d za\u0142ogi staromiejskiej przebi\u0142a si\u0119 do \u015ar\u00f3dmie\u015bcia przez plac\u00f3wki niemieckie w Ogrodzie Saskim. W czasie walk na G\u00f3rnym Czerniakowie i Mokotowie batalion \u201eZo\u015bka\u201d zosta\u0142 po\u0142\u0105czony z r\u00f3wnie zdziesi\u0105tkowanym batalionem \u201eParasol\u201d. Najwa\u017cniejsze akcje batalionu to m.in. akcja \u201eWilan\u00f3w\u201d, \u201eTry\u0144cza\u201d, \u201eJan Bo\u017cy\u201d.<\/p>\n\n\n\n<div style=\"height:40px\" aria-hidden=\"true\" class=\"wp-block-spacer\"><\/div>\n\n\n\n<h3 class=\"has-text-align-center wp-block-heading\"><em>Na zbi\u00f3rkach i wyjazdach nie brakuje nowych wyzwa\u0144. Ca\u0142y czas idziemy do przodu z zakresu po\u017carnictwa, wysoko\u015bci\u00f3wki, samarytanki i wszystkich innych technik. Je\u017celi chcesz prze\u017cy\u0107 niezapomnian\u0105 przygod\u0119 to wpadaj na zbi\u00f3rk\u0119. Mile widziane wszystkie osoby od 15 roku \u017cycia \ud83d\ude42<\/em><\/h3>\n\n\n\n<p><\/p>\n","protected":false},"excerpt":{"rendered":"<p>54 PIOTRKOWSKA DRU\u017bYNA HARCERZY STARSZYCH ,,\u0179R\u00d3D\u0141O\u201d IM. BATALIONU ,,ZO\u015aKA\u201d Zbi\u00f3rki odbywaj\u0105 si\u0119 w ka\u017cdy pi\u0105tek w godzinach 17:30-19:30 w naszej harc\u00f3wce w Piotrkowie Trybunalskim. Sk\u0142ad naszej dru\u017cyny: POTOK,czyli babski patrol Nasz patrol nazywa si\u0119 Potok. Potoczanki (sk\u0142adowe patrolu) s\u0105 nieszablonowe), ka\u017cda ma inny matrix (oczywi\u015bcie nie mitochondrium tylko ten z filmu), jednak\u017ce nasze odr\u0119bne rzeczywisto\u015bci&hellip;<a href=\"https:\/\/hzd54.piotrkow.zhp.pl\/?page_id=115\" class=\"more-link\">Continue reading <span class=\"screen-reader-text\">\u0179r\u00f3d\u0142o<\/span><\/a><\/p>\n","protected":false},"author":2,"featured_media":0,"parent":0,"menu_order":0,"comment_status":"closed","ping_status":"closed","template":"","meta":{"footnotes":""},"_links":{"self":[{"href":"https:\/\/hzd54.piotrkow.zhp.pl\/index.php?rest_route=\/wp\/v2\/pages\/115"}],"collection":[{"href":"https:\/\/hzd54.piotrkow.zhp.pl\/index.php?rest_route=\/wp\/v2\/pages"}],"about":[{"href":"https:\/\/hzd54.piotrkow.zhp.pl\/index.php?rest_route=\/wp\/v2\/types\/page"}],"author":[{"embeddable":true,"href":"https:\/\/hzd54.piotrkow.zhp.pl\/index.php?rest_route=\/wp\/v2\/users\/2"}],"replies":[{"embeddable":true,"href":"https:\/\/hzd54.piotrkow.zhp.pl\/index.php?rest_route=%2Fwp%2Fv2%2Fcomments&post=115"}],"version-history":[{"count":8,"href":"https:\/\/hzd54.piotrkow.zhp.pl\/index.php?rest_route=\/wp\/v2\/pages\/115\/revisions"}],"predecessor-version":[{"id":265,"href":"https:\/\/hzd54.piotrkow.zhp.pl\/index.php?rest_route=\/wp\/v2\/pages\/115\/revisions\/265"}],"wp:attachment":[{"href":"https:\/\/hzd54.piotrkow.zhp.pl\/index.php?rest_route=%2Fwp%2Fv2%2Fmedia&parent=115"}],"curies":[{"name":"wp","href":"https:\/\/api.w.org\/{rel}","templated":true}]}}