{"id":206,"date":"2020-05-06T12:50:50","date_gmt":"2020-05-06T12:50:50","guid":{"rendered":"http:\/\/hzd54.lodzka.zhp.pl\/?page_id=206"},"modified":"2020-05-07T10:26:31","modified_gmt":"2020-05-07T10:26:31","slug":"mali-tropiciele","status":"publish","type":"page","link":"https:\/\/hzd54.piotrkow.zhp.pl\/?page_id=206","title":{"rendered":"Mali Tropiciele"},"content":{"rendered":"\n<h2 class=\"has-text-align-center wp-block-heading\"><strong><span class=\"has-inline-color has-luminous-vivid-orange-color\">54 Gromada\u202f Zuchowa \u202fz\u202f Gorzkowic<br>,,Mali Tropiciele\u201d<br>im. Tomasza Strzembosza<\/span><\/strong><\/h2>\n\n\n\n<div class=\"wp-block-image\"><figure class=\"aligncenter size-large\"><img loading=\"lazy\" decoding=\"async\" width=\"193\" height=\"411\" src=\"http:\/\/hzd54.lodzka.zhp.pl\/wp-content\/uploads\/2020\/05\/20181010_195341.jpg\" alt=\"\" class=\"wp-image-227\" srcset=\"https:\/\/hzd54.piotrkow.zhp.pl\/wp-content\/uploads\/2020\/05\/20181010_195341.jpg 193w, https:\/\/hzd54.piotrkow.zhp.pl\/wp-content\/uploads\/2020\/05\/20181010_195341-141x300.jpg 141w\" sizes=\"(max-width: 193px) 100vw, 193px\" \/><\/figure><\/div>\n\n\n\n<p>Zbi\u00f3rki gromady odbywaj\u0105 si\u0119 co tydzie\u0144 w <span class=\"has-inline-color has-luminous-vivid-orange-color\">pi\u0105tek<\/span> w godzinach <span class=\"has-inline-color has-luminous-vivid-orange-color\">16:54-18:54.<\/span> Przed Szko\u0142\u0105 Podstawow\u0105 im. Henryka Sienkiewicza w Gorzkowicach.<\/p>\n\n\n\n<div class=\"wp-block-image\"><figure class=\"aligncenter size-large is-resized\"><img loading=\"lazy\" decoding=\"async\" src=\"http:\/\/hzd54.lodzka.zhp.pl\/wp-content\/uploads\/2020\/05\/20200330_181842.jpg\" alt=\"\" class=\"wp-image-266\" width=\"511\" height=\"370\" srcset=\"https:\/\/hzd54.piotrkow.zhp.pl\/wp-content\/uploads\/2020\/05\/20200330_181842.jpg 618w, https:\/\/hzd54.piotrkow.zhp.pl\/wp-content\/uploads\/2020\/05\/20200330_181842-300x217.jpg 300w\" sizes=\"(max-width: 511px) 100vw, 511px\" \/><\/figure><\/div>\n\n\n\n<div style=\"height:55px\" aria-hidden=\"true\" class=\"wp-block-spacer\"><\/div>\n\n\n\n<div class=\"wp-block-image\"><figure class=\"aligncenter size-large is-resized\"><img loading=\"lazy\" decoding=\"async\" src=\"http:\/\/hzd54.lodzka.zhp.pl\/wp-content\/uploads\/2020\/05\/20190914_155637-527x1024.jpg\" alt=\"\" class=\"wp-image-224\" width=\"286\" height=\"555\" srcset=\"https:\/\/hzd54.piotrkow.zhp.pl\/wp-content\/uploads\/2020\/05\/20190914_155637-527x1024.jpg 527w, https:\/\/hzd54.piotrkow.zhp.pl\/wp-content\/uploads\/2020\/05\/20190914_155637-154x300.jpg 154w, https:\/\/hzd54.piotrkow.zhp.pl\/wp-content\/uploads\/2020\/05\/20190914_155637.jpg 622w\" sizes=\"(max-width: 286px) 100vw, 286px\" \/><figcaption><strong>Dru\u017cynowa<\/strong> &#8211; Pwd. Ewa Cie\u015blik<br>(nr tel. 694-854-602)<\/figcaption><\/figure><\/div>\n\n\n\n<div class=\"wp-block-image\"><figure class=\"aligncenter size-large is-resized\"><img loading=\"lazy\" decoding=\"async\" src=\"http:\/\/hzd54.lodzka.zhp.pl\/wp-content\/uploads\/2020\/05\/20190913_185913-3-576x1024.jpg\" alt=\"\" class=\"wp-image-225\" width=\"311\" height=\"553\" srcset=\"https:\/\/hzd54.piotrkow.zhp.pl\/wp-content\/uploads\/2020\/05\/20190913_185913-3-576x1024.jpg 576w, https:\/\/hzd54.piotrkow.zhp.pl\/wp-content\/uploads\/2020\/05\/20190913_185913-3-169x300.jpg 169w, https:\/\/hzd54.piotrkow.zhp.pl\/wp-content\/uploads\/2020\/05\/20190913_185913-3.jpg 744w\" sizes=\"(max-width: 311px) 100vw, 311px\" \/><figcaption><strong>Przyboczna<\/strong>&#8211; Aleksandra Wojtunik<\/figcaption><\/figure><\/div>\n\n\n\n<h3 class=\"has-text-align-center wp-block-heading\"><span class=\"has-inline-color has-luminous-vivid-orange-color\">Gromada sk\u0142ada si\u0119 z czterech dzielnych sz\u00f3stek:<\/span><\/h3>\n\n\n\n<h4 class=\"has-text-align-center wp-block-heading\"><strong><span class=\"has-inline-color has-luminous-vivid-orange-color\">Zwinne tropicielki<\/span><\/strong><\/h4>\n\n\n\n<div class=\"wp-block-image\"><figure class=\"aligncenter size-large is-resized\"><img loading=\"lazy\" decoding=\"async\" src=\"http:\/\/hzd54.lodzka.zhp.pl\/wp-content\/uploads\/2020\/05\/20191122_162755-576x1024.jpg\" alt=\"\" class=\"wp-image-228\" width=\"337\" height=\"599\" srcset=\"https:\/\/hzd54.piotrkow.zhp.pl\/wp-content\/uploads\/2020\/05\/20191122_162755-576x1024.jpg 576w, https:\/\/hzd54.piotrkow.zhp.pl\/wp-content\/uploads\/2020\/05\/20191122_162755-169x300.jpg 169w, https:\/\/hzd54.piotrkow.zhp.pl\/wp-content\/uploads\/2020\/05\/20191122_162755.jpg 697w\" sizes=\"(max-width: 337px) 100vw, 337px\" \/><\/figure><\/div>\n\n\n\n<p><strong>Sz\u00f3stkowa<\/strong>&#8211; zuch sprawny Martyna Bara\u0144ska<\/p>\n\n\n\n<div class=\"wp-block-image\"><figure class=\"aligncenter size-large is-resized\"><img loading=\"lazy\" decoding=\"async\" src=\"http:\/\/hzd54.lodzka.zhp.pl\/wp-content\/uploads\/2020\/05\/20200330_181141.jpg\" alt=\"\" class=\"wp-image-229\" width=\"226\" height=\"504\" srcset=\"https:\/\/hzd54.piotrkow.zhp.pl\/wp-content\/uploads\/2020\/05\/20200330_181141.jpg 292w, https:\/\/hzd54.piotrkow.zhp.pl\/wp-content\/uploads\/2020\/05\/20200330_181141-135x300.jpg 135w\" sizes=\"(max-width: 226px) 100vw, 226px\" \/><\/figure><\/div>\n\n\n\n<div style=\"height:81px\" aria-hidden=\"true\" class=\"wp-block-spacer\"><\/div>\n\n\n\n<p><\/p>\n\n\n\n<h4 class=\"has-text-align-center wp-block-heading\"><span class=\"has-inline-color has-luminous-vivid-orange-color\"><strong>Sprytne tropicielki<\/strong><\/span><\/h4>\n\n\n\n<div class=\"wp-block-image\"><figure class=\"aligncenter size-large is-resized\"><img loading=\"lazy\" decoding=\"async\" src=\"http:\/\/hzd54.lodzka.zhp.pl\/wp-content\/uploads\/2020\/05\/20191122_162932.jpg\" alt=\"\" class=\"wp-image-230\" width=\"353\" height=\"627\" srcset=\"https:\/\/hzd54.piotrkow.zhp.pl\/wp-content\/uploads\/2020\/05\/20191122_162932.jpg 465w, https:\/\/hzd54.piotrkow.zhp.pl\/wp-content\/uploads\/2020\/05\/20191122_162932-169x300.jpg 169w\" sizes=\"(max-width: 353px) 100vw, 353px\" \/><\/figure><\/div>\n\n\n\n<p><strong>Sz\u00f3stkowa<\/strong>&#8211; zuch gospodarny Hania Cimcioch<\/p>\n\n\n\n<div class=\"wp-block-image\"><figure class=\"aligncenter size-large is-resized\"><img loading=\"lazy\" decoding=\"async\" src=\"http:\/\/hzd54.lodzka.zhp.pl\/wp-content\/uploads\/2020\/05\/20200330_181237.jpg\" alt=\"\" class=\"wp-image-231\" width=\"219\" height=\"487\" srcset=\"https:\/\/hzd54.piotrkow.zhp.pl\/wp-content\/uploads\/2020\/05\/20200330_181237.jpg 284w, https:\/\/hzd54.piotrkow.zhp.pl\/wp-content\/uploads\/2020\/05\/20200330_181237-135x300.jpg 135w\" sizes=\"(max-width: 219px) 100vw, 219px\" \/><\/figure><\/div>\n\n\n\n<div style=\"height:100px\" aria-hidden=\"true\" class=\"wp-block-spacer\"><\/div>\n\n\n\n<h4 class=\"has-text-align-center wp-block-heading\"><strong><span class=\"has-inline-color has-luminous-vivid-orange-color\">Silni Tropiciele<\/span><\/strong><\/h4>\n\n\n\n<div class=\"wp-block-image\"><figure class=\"aligncenter size-large is-resized\"><img loading=\"lazy\" decoding=\"async\" src=\"http:\/\/hzd54.lodzka.zhp.pl\/wp-content\/uploads\/2020\/05\/20191122_163047.jpg\" alt=\"\" class=\"wp-image-233\" width=\"321\" height=\"571\" srcset=\"https:\/\/hzd54.piotrkow.zhp.pl\/wp-content\/uploads\/2020\/05\/20191122_163047.jpg 465w, https:\/\/hzd54.piotrkow.zhp.pl\/wp-content\/uploads\/2020\/05\/20191122_163047-169x300.jpg 169w\" sizes=\"(max-width: 321px) 100vw, 321px\" \/><\/figure><\/div>\n\n\n\n<p><strong>Sz\u00f3stkowy<\/strong>&#8211; zuch ochoczy Franciszek \u015amigielski<\/p>\n\n\n\n<div class=\"wp-block-image\"><figure class=\"aligncenter size-large is-resized\"><img loading=\"lazy\" decoding=\"async\" src=\"http:\/\/hzd54.lodzka.zhp.pl\/wp-content\/uploads\/2020\/05\/20200330_181307.jpg\" alt=\"\" class=\"wp-image-234\" width=\"217\" height=\"475\"\/><\/figure><\/div>\n\n\n\n<div style=\"height:100px\" aria-hidden=\"true\" class=\"wp-block-spacer\"><\/div>\n\n\n\n<h4 class=\"has-text-align-center wp-block-heading\"><strong><span class=\"has-inline-color has-luminous-vivid-orange-color\">Odwa\u017cni Tropiciele<\/span><\/strong><\/h4>\n\n\n\n<div class=\"wp-block-image\"><figure class=\"aligncenter size-large is-resized\"><img loading=\"lazy\" decoding=\"async\" src=\"http:\/\/hzd54.lodzka.zhp.pl\/wp-content\/uploads\/2020\/05\/20191122_163311.jpg\" alt=\"\" class=\"wp-image-235\" width=\"345\" height=\"612\" srcset=\"https:\/\/hzd54.piotrkow.zhp.pl\/wp-content\/uploads\/2020\/05\/20191122_163311.jpg 465w, https:\/\/hzd54.piotrkow.zhp.pl\/wp-content\/uploads\/2020\/05\/20191122_163311-169x300.jpg 169w\" sizes=\"(max-width: 345px) 100vw, 345px\" \/><\/figure><\/div>\n\n\n\n<p><strong>Sz\u00f3stkowy<\/strong>&#8211; zuch Sprawny Oskar Kordyzon<\/p>\n\n\n\n<div class=\"wp-block-image\"><figure class=\"aligncenter size-large\"><img loading=\"lazy\" decoding=\"async\" width=\"275\" height=\"549\" src=\"http:\/\/hzd54.lodzka.zhp.pl\/wp-content\/uploads\/2020\/05\/20200330_181333-1.jpg\" alt=\"\" class=\"wp-image-236\" srcset=\"https:\/\/hzd54.piotrkow.zhp.pl\/wp-content\/uploads\/2020\/05\/20200330_181333-1.jpg 275w, https:\/\/hzd54.piotrkow.zhp.pl\/wp-content\/uploads\/2020\/05\/20200330_181333-1-150x300.jpg 150w\" sizes=\"(max-width: 275px) 100vw, 275px\" \/><\/figure><\/div>\n\n\n\n<div style=\"height:91px\" aria-hidden=\"true\" class=\"wp-block-spacer\"><\/div>\n\n\n\n<p><strong>Apteczkowa<\/strong>&#8211; zuch ochoczy Antonina Kuchta<\/p>\n\n\n\n<div class=\"wp-block-image\"><figure class=\"aligncenter size-large is-resized\"><img loading=\"lazy\" decoding=\"async\" src=\"http:\/\/hzd54.lodzka.zhp.pl\/wp-content\/uploads\/2020\/05\/20200330_181208.jpg\" alt=\"\" class=\"wp-image-237\" width=\"235\" height=\"528\" srcset=\"https:\/\/hzd54.piotrkow.zhp.pl\/wp-content\/uploads\/2020\/05\/20200330_181208.jpg 428w, https:\/\/hzd54.piotrkow.zhp.pl\/wp-content\/uploads\/2020\/05\/20200330_181208-134x300.jpg 134w\" sizes=\"(max-width: 235px) 100vw, 235px\" \/><\/figure><\/div>\n\n\n\n<div style=\"height:63px\" aria-hidden=\"true\" class=\"wp-block-spacer\"><\/div>\n\n\n\n<p><strong>Totemowy<\/strong>&#8211; zuch sprawny Szymon Adamczyk<\/p>\n\n\n\n<div class=\"wp-block-image\"><figure class=\"aligncenter size-large is-resized\"><img loading=\"lazy\" decoding=\"async\" src=\"http:\/\/hzd54.lodzka.zhp.pl\/wp-content\/uploads\/2020\/05\/20200330_181402.jpg\" alt=\"\" class=\"wp-image-238\" width=\"252\" height=\"518\" srcset=\"https:\/\/hzd54.piotrkow.zhp.pl\/wp-content\/uploads\/2020\/05\/20200330_181402.jpg 292w, https:\/\/hzd54.piotrkow.zhp.pl\/wp-content\/uploads\/2020\/05\/20200330_181402-146x300.jpg 146w\" sizes=\"(max-width: 252px) 100vw, 252px\" \/><\/figure><\/div>\n\n\n\n<div style=\"height:46px\" aria-hidden=\"true\" class=\"wp-block-spacer\"><\/div>\n\n\n\n<h4 class=\"wp-block-heading\"><strong><span class=\"has-inline-color has-luminous-vivid-orange-color\">Bohater Gromady<\/span><\/strong><\/h4>\n\n\n\n<p><strong>Tomasz Roman Strzembosz<\/strong><br>(ur.\u202f11 wrze\u015bnia 1930 w\u202fWarszawie, zm.\u202f16 pa\u017adziernika 2004 tam\u017ce) . Mieszka\u0142 w\u202f Warszawie.<br>Tomasz Strzembosz od 1945 roku by\u0142 zwi\u0105zany z\u202fharcerstwem. Od wrze\u015bnia 1945 roku a\u017c do samorozwi\u0105zania si\u0119 dru\u017cyn\u202fZHP. Jesieni\u0105 1956 uczestniczy\u0142 w spotkaniach harcerzy\u202fSzarych Szereg\u00f3w d\u0105\u017c\u0105cych do<br>odrodzenia ZHP, a nast\u0119pnie wraz z grup\u0105 warszawskich instruktor\u00f3w zaproszonych przez\u202fAleksandra Kami\u0144skiego \u2013 w\u202fKrajowym Zje\u017adzie Dzia\u0142aczy Harcerskich w\u202f\u0141odzi. Nast\u0119pnie prowadzi\u0142 dru\u017cyn\u0119 harcersk\u0105 . W 1958 uko\u0144czy\u0142 kurs dla przewodnik\u00f3w.<br>W 1980 by\u0142 jednym z inicjator\u00f3w\u202fKr\u0119g\u00f3w Instruktor\u00f3w im. Andrzeja Ma\u0142kowskiego (KIHAM), w 1981 wsp\u00f3\u0142tworzy\u0142 Niezale\u017cny Ruch Harcerski (NRH) i by\u0142 jego wiceprzewodnicz\u0105cym.<br>W 1989 by\u0142 jednym z tw\u00f3rc\u00f3w\u202fZwi\u0105zku Harcerstwa Rzeczypospolitej, przez<br>dwie\u202fkadencje jego\u202fPrzewodnicz\u0105cym (1989-1992), a od 1993\u202fHonorowym<br>Przewodnicz\u0105cym ZHR. Po\u015bmiertnie\u202fPrzewodnicz\u0105cy ZHR nada\u0142 Strzemboszowi tytu\u0142\u202fHarcmistrza Rzeczypospolitej. Mia\u0142o to charakter symboliczny, poniewa\u017c przepisy ZHR nie przewiduj\u0105 stopnia Harcmistrza RP.<\/p>\n\n\n\n<div style=\"height:47px\" aria-hidden=\"true\" class=\"wp-block-spacer\"><\/div>\n\n\n\n<h3 class=\"wp-block-heading\"><strong><span class=\"has-inline-color has-vivid-red-color\">Kilka s\u0142\u00f3w o zuchach<\/span><\/strong><\/h3>\n\n\n\n<p>Zuchy uczestnicz\u0105 nie tylko w zbi\u00f3rkach je\u017cd\u017c\u0105 r\u00f3wnie\u017c na biwaki, rajdy, zimowiska i z ka\u017cdej ma\u0142ej buzi wielka rado\u015b\u0107 tryska. Na ka\u017cdym spotkaniu zuchy ucz\u0105 si\u0119 po przez zabaw\u0119, zdobywaj\u0105 sprawno\u015bci, zamieniaj\u0105c si\u0119 w kogo\u015b lub co\u015b. Na zbi\u00f3rkach dzieci ucz\u0105 si\u0119 du\u017cej zaradno\u015bci, pracy w grupach, zdrowej rywalizacji, dyscypliny, szacunku i pomocy innym, rozwijaj\u0105 swoje zainteresowania z wielu dziedzin, ucz\u0105 si\u0119 pierwszej pomocy, po\u017carnictwa, historia Polski.<\/p>\n\n\n\n<p><\/p>\n\n\n\n<h2 class=\"has-text-align-center wp-block-heading\"><span class=\"has-inline-color has-vivid-red-color\"><strong>Nie zwlekaj d\u0142u\u017cej!<br>Zacznij z nami prawdziw\u0105 przygod\u0119!!!<\/strong><\/span><\/h2>\n\n\n\n<div class=\"wp-block-image\"><figure class=\"aligncenter size-large\"><img loading=\"lazy\" decoding=\"async\" width=\"928\" height=\"928\" src=\"http:\/\/hzd54.lodzka.zhp.pl\/wp-content\/uploads\/2020\/05\/20191123_103412-1.jpg\" alt=\"\" class=\"wp-image-242\" srcset=\"https:\/\/hzd54.piotrkow.zhp.pl\/wp-content\/uploads\/2020\/05\/20191123_103412-1.jpg 928w, https:\/\/hzd54.piotrkow.zhp.pl\/wp-content\/uploads\/2020\/05\/20191123_103412-1-300x300.jpg 300w, https:\/\/hzd54.piotrkow.zhp.pl\/wp-content\/uploads\/2020\/05\/20191123_103412-1-150x150.jpg 150w, https:\/\/hzd54.piotrkow.zhp.pl\/wp-content\/uploads\/2020\/05\/20191123_103412-1-768x768.jpg 768w, https:\/\/hzd54.piotrkow.zhp.pl\/wp-content\/uploads\/2020\/05\/20191123_103412-1-750x750.jpg 750w\" sizes=\"(max-width: 928px) 100vw, 928px\" \/><\/figure><\/div>\n\n\n\n<div class=\"wp-block-image\"><figure class=\"aligncenter size-large\"><img loading=\"lazy\" decoding=\"async\" width=\"576\" height=\"1024\" src=\"http:\/\/hzd54.lodzka.zhp.pl\/wp-content\/uploads\/2020\/05\/20200330_180200.jpg\" alt=\"\" class=\"wp-image-243\" srcset=\"https:\/\/hzd54.piotrkow.zhp.pl\/wp-content\/uploads\/2020\/05\/20200330_180200.jpg 576w, https:\/\/hzd54.piotrkow.zhp.pl\/wp-content\/uploads\/2020\/05\/20200330_180200-169x300.jpg 169w\" sizes=\"(max-width: 576px) 100vw, 576px\" \/><\/figure><\/div>\n","protected":false},"excerpt":{"rendered":"<p>54 Gromada\u202f Zuchowa \u202fz\u202f Gorzkowic,,Mali Tropiciele\u201dim. Tomasza Strzembosza Zbi\u00f3rki gromady odbywaj\u0105 si\u0119 co tydzie\u0144 w pi\u0105tek w godzinach 16:54-18:54. Przed Szko\u0142\u0105 Podstawow\u0105 im. Henryka Sienkiewicza w Gorzkowicach. Gromada sk\u0142ada si\u0119 z czterech dzielnych sz\u00f3stek: Zwinne tropicielki Sz\u00f3stkowa&#8211; zuch sprawny Martyna Bara\u0144ska Sprytne tropicielki Sz\u00f3stkowa&#8211; zuch gospodarny Hania Cimcioch Silni Tropiciele Sz\u00f3stkowy&#8211; zuch ochoczy Franciszek \u015amigielski&hellip;<a href=\"https:\/\/hzd54.piotrkow.zhp.pl\/?page_id=206\" class=\"more-link\">Continue reading <span class=\"screen-reader-text\">Mali Tropiciele<\/span><\/a><\/p>\n","protected":false},"author":2,"featured_media":0,"parent":0,"menu_order":0,"comment_status":"closed","ping_status":"closed","template":"","meta":{"footnotes":""},"_links":{"self":[{"href":"https:\/\/hzd54.piotrkow.zhp.pl\/index.php?rest_route=\/wp\/v2\/pages\/206"}],"collection":[{"href":"https:\/\/hzd54.piotrkow.zhp.pl\/index.php?rest_route=\/wp\/v2\/pages"}],"about":[{"href":"https:\/\/hzd54.piotrkow.zhp.pl\/index.php?rest_route=\/wp\/v2\/types\/page"}],"author":[{"embeddable":true,"href":"https:\/\/hzd54.piotrkow.zhp.pl\/index.php?rest_route=\/wp\/v2\/users\/2"}],"replies":[{"embeddable":true,"href":"https:\/\/hzd54.piotrkow.zhp.pl\/index.php?rest_route=%2Fwp%2Fv2%2Fcomments&post=206"}],"version-history":[{"count":11,"href":"https:\/\/hzd54.piotrkow.zhp.pl\/index.php?rest_route=\/wp\/v2\/pages\/206\/revisions"}],"predecessor-version":[{"id":268,"href":"https:\/\/hzd54.piotrkow.zhp.pl\/index.php?rest_route=\/wp\/v2\/pages\/206\/revisions\/268"}],"wp:attachment":[{"href":"https:\/\/hzd54.piotrkow.zhp.pl\/index.php?rest_route=%2Fwp%2Fv2%2Fmedia&parent=206"}],"curies":[{"name":"wp","href":"https:\/\/api.w.org\/{rel}","templated":true}]}}