{"id":21,"date":"2020-04-14T10:50:14","date_gmt":"2020-04-14T10:50:14","guid":{"rendered":"http:\/\/hzd54.lodzka.zhp.pl\/?page_id=21"},"modified":"2021-06-25T07:50:57","modified_gmt":"2021-06-25T07:50:57","slug":"historia","status":"publish","type":"page","link":"https:\/\/hzd54.piotrkow.zhp.pl\/?page_id=21","title":{"rendered":"Historia"},"content":{"rendered":"\n<h2 class=\"has-text-align-center wp-block-heading\">HISTORIA HZD 54\/KALENDARIUM<\/h2>\n\n\n\n<h5 class=\"has-text-align-center wp-block-heading\">ZANIM POWSTA\u0141O HZD 54<\/h5>\n\n\n\n<ul><li>54 Dru\u017cyna Harcerska &#8222;P\u0142omienie&#8221; powsta\u0142a 4 stycznia 1982r. Za\u0142o\u017cy\u0142a j\u0105 Irena Nowakowska &#8211; nauczycielka techniki  w SP3, tote\u017c dru\u017cyna mia\u0142a specjalno\u015b\u0107 techniczn\u0105.<\/li><li>1983r. &#8211; dru\u017cynow\u0105 zosta\u0142a dh Maryla Osiak<\/li><li>1989r. &#8211; dru\u017cyn\u0119 prszej\u0105\u0142 dh Arkadiusz Sik. Zmieni\u0142 on specjalno\u015b\u0107 dru\u017cyny na po\u017carnicz\u0105 oraz barwy dru\u017cyny z czerwonych na czarne. Rok p\u00f3\u017aniej odby\u0142 si\u0119 pierwszy ob\u00f3z na Trzech Morgach.<\/li><li>1991r. &#8211; dru\u017cynowym zosta\u0142 dh Rados\u0142aw Sipa.<\/li><li>Od 1994r. mamy w\u0142asn\u0105 harc\u00f3wk\u0119 i plakietk\u0119 dru\u017cyny<\/li><li>1995r. tu\u017c obok dru\u017cyny sw\u0105 dzia\u0142alno\u015b\u0107 rozpoczyna zast\u0119p zuchowy &#8222;Iskierki&#8221;<\/li><li>1996r. &#8211; uzyskali\u015bmy miano Super Dru\u017cyny Hufca Piotrk\u00f3w Tryb.<\/li><li>1997r. &#8211; powsta\u0142 zast\u0119p starszoharcerski &#8222;Kormoran&#8221;, zaj\u0119cie I miejsca w Mistrzostwach Polski Dru\u017cyn Po\u017carniczych ZHP przez sekcj\u0119 dziewcz\u0105t.<\/li><\/ul>\n\n\n\n<h5 class=\"has-text-align-center wp-block-heading\">POWSTANIE HZD 54<\/h5>\n\n\n\n<p>28.04.1998 roku rozkazem komendanta hufca Piotrk\u00f3w Trybunalski hm Adama Wojtani zosta\u0142 powo\u0142any Harcerski Zwi\u0105zek Dru\u017cyn 54-tych, w kt\u00f3rego sk\u0142ad wesz\u0142y:<\/p>\n\n\n\n<ul><li>54 Piotrkowska Gromada Zuchowa &#8222;Weso\u0142e Ogniki&#8221; (dru\u017cynowa &#8211; dh Wioletta Sipa)<\/li><li>54 Piotrkowska Gromada Harcerska &#8222;P\u0142omienie&#8221; (dru\u017cynowy &#8211; dh Artur Gruszka)<\/li><li>dwa patrole starszoharcerskie<\/li><\/ul>\n\n\n\n<p>Komendantem HZD 54 zosta\u0142 hm Rados\u0142aw Sipa.<\/p>\n\n\n\n<ul><li>2002 &#8211; Powstanie 54 Piotrkowskiej Dru\u017cyny Harcerzy Starszych &#8222;\u0179r\u00f3d\u0142o&#8221;<\/li><li>2003 &#8211; Dzia\u0142alno\u015b\u0107 rozpoczyna 54 Gromada Zuchowa z Gorzkowic &#8222;Mali Tropiciele&#8221;<\/li><li>2004 &#8211; Powstanie 54 Piotrkowskiej Dru\u017cyny Harcerskiej &#8222;Burza&#8221;<\/li><li>2005 &#8211; Utworzenie 54 Piotrkowskiej Gromady Zuchowej &#8222;S\u0142oneczka&#8221;<\/li><li>2006 &#8211; Utworzenie 54 Dru\u017cyny Harcerskiej z Gorzkowic &#8222;Wicher&#8221;<\/li><li>2008 &#8211; I Manewry Sprawno\u015bciowe organizowane przez HZD 54<\/li><li>2010 &#8211; Pocz\u0105tki dzia\u0142alno\u015bci 54 Gromady Zuchowej z Sulejowa &#8222;Kolorowe Kredki&#8221;<\/li><li>2011 &#8211; Koniec dzia\u0142alno\u015bci dru\u017cyn &#8222;P\u0142omienie&#8221; i &#8222;Burza&#8221;.<\/li><li>2012 &#8211; II Manewry Sprawno\u015bciowe<\/li><li>2016 &#8211; III Manewry Sprawno\u015bciowe <\/li><\/ul>\n\n\n\n<h5 class=\"has-text-align-center wp-block-heading\">DZIA\u0141ALNO\u015a\u0106 HZD 54<\/h5>\n\n\n\n<p>Harcerski Zwi\u0105zek Dru\u017cyn dzia\u0142a przy Szkole Podstawowej nr 3.<\/p>\n\n\n\n<p>Co tydzie\u0144 odbywaj\u0105 si\u0119 zbi\u00f3rki dru\u017cyn i gromad. Oko\u0142o raz na miesi\u0105c b\u0105d\u017a dwa miesi\u0105ce odbywaj\u0105 si\u0119 zbi\u00f3rki ca\u0142ego \u015brodowiska. Wtedy mamy szans\u0119 pozna\u0107 wszystkie zuchy, harcerzy i w\u0119drownik\u00f3w.<\/p>\n\n\n\n<p>Dwa razy do roku (kwiecie\u0144 i wrzesie\u0144) organizowany jest biwak HZD 54. Natomiast wakacje sp\u0119dzamy na Harcerskiej Akcji Letniej.<\/p>\n\n\n\n<p>Wa\u017cne jest r\u00f3wnie\u017c, \u017ce co roku na prze\u0142omie pa\u017adziernika i listopada prowadzimy Harcersk\u0105 Akcj\u0119 Znicz. Doch\u00f3d z akcji przeznaczamy m.in. na letni wyjazd na ob\u00f3z.<\/p>\n\n\n\n<h5 class=\"has-text-align-center wp-block-heading\">OBOZY HZD 54<\/h5>\n\n\n\n<p>Miejsca i stylizacje oboz\u00f3w od powstania Harcerskiego Zwi\u0105zku Dru\u017cyn 54-tych:<\/p>\n\n\n\n<ul><li>1998 &#8211; Stebnik (stylizacja Staro\u017cytny Rzym &#8211; &#8222;Roma Civitas&#8221;)<\/li><li>1999 &#8211; \u015awibno (stylizacja Rycerstwo &#8211; &#8222;Warownia HZD 54&#8221;)<\/li><li>2000 &#8211; Kokotek (stylizacja Indianie &#8211; &#8222;Mohicanie&#8221;)<\/li><li>2001 &#8211; K\u0105tno (stylizacja Szare Szeregi &#8211; &#8222;R\u00f3j Sosn\u00f3wka&#8221;)<\/li><li>2002 &#8211; Nowe Bystre (stylizacja Japonia &#8211; &#8222;Kraj Kwitn\u0105cej Wi\u015bni&#8221;)<\/li><li>2003 &#8211; Zbiczno (stylizacja Polska Wie\u015b &#8211; &#8222;Stefan\u00f3w&#8221;)<\/li><li>2005 &#8211; Olchowiec (stylizacja Dziki Zach\u00f3d &#8211; &#8222;Scout City&#8221;)<\/li><li>2006 &#8211; Walne (stylizacja Wikingowie -&#8222;Wioska Wiking\u00f3w&#8221;)<\/li><li>2007 &#8211; Stru\u017cnica (stylizacja Pan Tadeusz &#8211; &#8222;Spolicowo&#8221;)<\/li><li>2008 &#8211; Za\u0142\u0119cze Wielkie (stylizacja Piraci)<\/li><li>2009 &#8211; Okartowo (stylizacja PRL &#8211; &#8222;Alternatywy 54&#8221;)<\/li><li>2010 &#8211; P\u00f3lko (kolonia zuchowa) &#8211; stylizacja Smerfy &#8211; &#8222;Wioska Smerf\u00f3w&#8221;, Zlot Krak\u00f3w<\/li><li>2011 &#8211; Skotniki (stylizacja Pocz\u0105tki harcerstwa na ziemiach polskich)<\/li><li>2012 &#8211; Biery (stylizacja Staro\u017cytny Egipt &#8222;Czarny Egipt&#8221;)<\/li><li>2013 &#8211; Wygna\u0144czyce (stylizacja Rycerstwo &#8222;Czarne Ksi\u0119stwo&#8221;)<\/li><li>2014 &#8211; Czernica (stylizacja: pion harcerski &#8211; Indianie &#8222;Czarni Nawaho&#8221;; pion zuchowy &#8211; Kowboje &#8211; &#8222;Poszukiwacze Czarnego Z\u0142ota&#8221;<\/li><li>2015 &#8211; Nasiczne (stylizacja Szare Szeregi &#8211; &#8222;R\u00f3j Florian&#8221;)<\/li><li>2016 &#8211; Krzeczk\u00f3w (stylizacja Staro\u017cytna Grecja &#8222;Mavro Ellada&#8221;)<\/li><li>2017 &#8211; Rybica (stylizacja Polska Wie\u015b &#8211; &#8222;Miros\u0142aw\u00f3w&#8221;)<\/li><li>2018 &#8211; Szklana Huta (stylizacja Wikingowie &#8211; &#8222;Svarta Warega&#8221;<\/li><li>2019 &#8211; Kostkowice (stylizacje S\u0142owianie &#8211;  &#8222;Czarnogr\u00f3d&#8221;)<\/li><li>2020- Trzy Morgi (stylizacja Pocz\u0105tki harcerstwa- &#8221;Wyspa Brownsea&#8221;)<\/li><\/ul>\n\n\n\n<p><\/p>\n","protected":false},"excerpt":{"rendered":"<p>HISTORIA HZD 54\/KALENDARIUM ZANIM POWSTA\u0141O HZD 54 54 Dru\u017cyna Harcerska &#8222;P\u0142omienie&#8221; powsta\u0142a 4 stycznia 1982r. Za\u0142o\u017cy\u0142a j\u0105 Irena Nowakowska &#8211; nauczycielka techniki w SP3, tote\u017c dru\u017cyna mia\u0142a specjalno\u015b\u0107 techniczn\u0105. 1983r. &#8211; dru\u017cynow\u0105 zosta\u0142a dh Maryla Osiak 1989r. &#8211; dru\u017cyn\u0119 prszej\u0105\u0142 dh Arkadiusz Sik. Zmieni\u0142 on specjalno\u015b\u0107 dru\u017cyny na po\u017carnicz\u0105 oraz barwy dru\u017cyny z czerwonych na&hellip;<a href=\"https:\/\/hzd54.piotrkow.zhp.pl\/?page_id=21\" class=\"more-link\">Continue reading <span class=\"screen-reader-text\">Historia<\/span><\/a><\/p>\n","protected":false},"author":2,"featured_media":0,"parent":0,"menu_order":0,"comment_status":"closed","ping_status":"closed","template":"","meta":{"footnotes":""},"_links":{"self":[{"href":"https:\/\/hzd54.piotrkow.zhp.pl\/index.php?rest_route=\/wp\/v2\/pages\/21"}],"collection":[{"href":"https:\/\/hzd54.piotrkow.zhp.pl\/index.php?rest_route=\/wp\/v2\/pages"}],"about":[{"href":"https:\/\/hzd54.piotrkow.zhp.pl\/index.php?rest_route=\/wp\/v2\/types\/page"}],"author":[{"embeddable":true,"href":"https:\/\/hzd54.piotrkow.zhp.pl\/index.php?rest_route=\/wp\/v2\/users\/2"}],"replies":[{"embeddable":true,"href":"https:\/\/hzd54.piotrkow.zhp.pl\/index.php?rest_route=%2Fwp%2Fv2%2Fcomments&post=21"}],"version-history":[{"count":7,"href":"https:\/\/hzd54.piotrkow.zhp.pl\/index.php?rest_route=\/wp\/v2\/pages\/21\/revisions"}],"predecessor-version":[{"id":418,"href":"https:\/\/hzd54.piotrkow.zhp.pl\/index.php?rest_route=\/wp\/v2\/pages\/21\/revisions\/418"}],"wp:attachment":[{"href":"https:\/\/hzd54.piotrkow.zhp.pl\/index.php?rest_route=%2Fwp%2Fv2%2Fmedia&parent=21"}],"curies":[{"name":"wp","href":"https:\/\/api.w.org\/{rel}","templated":true}]}}