{"id":23,"date":"2020-04-14T10:50:14","date_gmt":"2020-04-14T10:50:14","guid":{"rendered":"http:\/\/hzd54.lodzka.zhp.pl\/?page_id=23"},"modified":"2020-04-14T11:10:21","modified_gmt":"2020-04-14T11:10:21","slug":"kontakt","status":"publish","type":"page","link":"https:\/\/hzd54.piotrkow.zhp.pl\/?page_id=23","title":{"rendered":"Kontakt"},"content":{"rendered":"\n<p>Numery do dru\u017cynowych danych jednostkek znajduj\u0105 si\u0119 w zak\u0142adkach danej gromady b\u0105d\u017a dru\u017cyny.<\/p>\n\n\n\n<p> Mail kontaktowy: hzd54ptb@gmail.com <\/p>\n\n\n\n<p>Mo\u017cna znale\u017a\u0107 nas r\u00f3wnie\u017c i skontaktowa\u0107 si\u0119 z nami przez stron\u0119 na portalu spo\u0142eczno\u015bciowym Facebook:<\/p>\n\n\n\n<figure class=\"wp-block-embed-facebook wp-block-embed\"><div class=\"wp-block-embed__wrapper\">\nhttps:\/\/www.facebook.com\/HZD54\/\n<\/div><\/figure>\n","protected":false},"excerpt":{"rendered":"<p>Numery do dru\u017cynowych danych jednostkek znajduj\u0105 si\u0119 w zak\u0142adkach danej gromady b\u0105d\u017a dru\u017cyny. Mail kontaktowy: hzd54ptb@gmail.com Mo\u017cna znale\u017a\u0107 nas r\u00f3wnie\u017c i skontaktowa\u0107 si\u0119 z nami przez stron\u0119 na portalu spo\u0142eczno\u015bciowym Facebook:<\/p>\n","protected":false},"author":2,"featured_media":0,"parent":0,"menu_order":0,"comment_status":"closed","ping_status":"closed","template":"","meta":{"footnotes":""},"_links":{"self":[{"href":"https:\/\/hzd54.piotrkow.zhp.pl\/index.php?rest_route=\/wp\/v2\/pages\/23"}],"collection":[{"href":"https:\/\/hzd54.piotrkow.zhp.pl\/index.php?rest_route=\/wp\/v2\/pages"}],"about":[{"href":"https:\/\/hzd54.piotrkow.zhp.pl\/index.php?rest_route=\/wp\/v2\/types\/page"}],"author":[{"embeddable":true,"href":"https:\/\/hzd54.piotrkow.zhp.pl\/index.php?rest_route=\/wp\/v2\/users\/2"}],"replies":[{"embeddable":true,"href":"https:\/\/hzd54.piotrkow.zhp.pl\/index.php?rest_route=%2Fwp%2Fv2%2Fcomments&post=23"}],"version-history":[{"count":3,"href":"https:\/\/hzd54.piotrkow.zhp.pl\/index.php?rest_route=\/wp\/v2\/pages\/23\/revisions"}],"predecessor-version":[{"id":80,"href":"https:\/\/hzd54.piotrkow.zhp.pl\/index.php?rest_route=\/wp\/v2\/pages\/23\/revisions\/80"}],"wp:attachment":[{"href":"https:\/\/hzd54.piotrkow.zhp.pl\/index.php?rest_route=%2Fwp%2Fv2%2Fmedia&parent=23"}],"curies":[{"name":"wp","href":"https:\/\/api.w.org\/{rel}","templated":true}]}}