{"id":37,"date":"2020-04-14T10:50:14","date_gmt":"2020-04-14T10:50:14","guid":{"rendered":"http:\/\/hzd54.lodzka.zhp.pl\/?page_id=37"},"modified":"2020-04-14T11:11:04","modified_gmt":"2020-04-14T11:11:04","slug":"kapitula-stopni-harcerskich","status":"publish","type":"page","link":"https:\/\/hzd54.piotrkow.zhp.pl\/?page_id=37","title":{"rendered":"Kapitu\u0142a Stopni Harcerskich"},"content":{"rendered":"\n<figure class=\"wp-block-image size-large\"><img loading=\"lazy\" decoding=\"async\" width=\"706\" height=\"726\" src=\"http:\/\/hzd54.lodzka.zhp.pl\/wp-content\/uploads\/2020\/04\/1-ksh-1.jpg\" alt=\"ksh\" class=\"wp-image-44\" srcset=\"https:\/\/hzd54.piotrkow.zhp.pl\/wp-content\/uploads\/2020\/04\/1-ksh-1.jpg 706w, https:\/\/hzd54.piotrkow.zhp.pl\/wp-content\/uploads\/2020\/04\/1-ksh-1-292x300.jpg 292w\" sizes=\"(max-width: 706px) 100vw, 706px\" \/><\/figure>\n\n\n\n<p>Kapitu\u0142a Stopni Harcerskich dzia\u0142a przy Harcerskim Zwi\u0105zku Dru\u017cyn 54-tych.   W sk\u0142ad kapitu\u0142y wchodz\u0105:      <\/p>\n\n\n\n<ul><li>hm. Ewa Wolniak &#8211; przewodnicz\u0105ca <\/li><li>pwd. Konrad Banaszewski <\/li><li>pwd. Izabela Purzy\u0144ska <\/li><li>pwd. Michalina Wroniszewska<\/li><\/ul>\n\n\n\n<p>Spotkania odbywaj\u0105 si\u0119 \u015brednio raz w miesi\u0105cu (otwarcia\/zamkni\u0119cia\/zmiany w pr\u00f3bach), w soboty.   <\/p>\n\n\n\n<p>Nale\u017cy wcze\u015bniej zg\u0142osi\u0107 ch\u0119\u0107 pojawienia si\u0119 na zbi\u00f3rce danej kapitu\u0142y.  <\/p>\n\n\n\n<p> Uwaga! Probanci na zbi\u00f3rki kapitu\u0142y przychodz\u0105 wraz z opiekunami. <\/p>\n\n\n\n<p>Dokumenty: <\/p>\n\n\n\n<div class=\"wp-block-group\"><div class=\"wp-block-group__inner-container is-layout-flow wp-block-group-is-layout-flow\">\n<div class=\"wp-block-file\"><a href=\"http:\/\/hzd54.lodzka.zhp.pl\/wp-content\/uploads\/2020\/04\/kapitula_stopni_harcerskich.pdf\">kapitula_stopni_harcerskich<\/a><a href=\"http:\/\/hzd54.lodzka.zhp.pl\/wp-content\/uploads\/2020\/04\/kapitula_stopni_harcerskich.pdf\" class=\"wp-block-file__button\" download>Pobierz<\/a><\/div>\n<\/div><\/div>\n\n\n\n<div class=\"wp-block-group\"><div class=\"wp-block-group__inner-container is-layout-flow wp-block-group-is-layout-flow\">\n<div class=\"wp-block-file\"><a href=\"http:\/\/hzd54.lodzka.zhp.pl\/wp-content\/uploads\/2020\/04\/kapitula_stopni_harcerskich_-_karta_na_stopien-1.pdf\">kapitula_stopni_harcerskich_-_karta_na_stopien-1<\/a><a href=\"http:\/\/hzd54.lodzka.zhp.pl\/wp-content\/uploads\/2020\/04\/kapitula_stopni_harcerskich_-_karta_na_stopien-1.pdf\" class=\"wp-block-file__button\" download>Pobierz<\/a><\/div>\n<\/div><\/div>\n\n\n\n<div class=\"wp-block-group\"><div class=\"wp-block-group__inner-container is-layout-flow wp-block-group-is-layout-flow\">\n<div class=\"wp-block-group\"><div class=\"wp-block-group__inner-container is-layout-flow wp-block-group-is-layout-flow\">\n<div class=\"wp-block-file\"><a href=\"http:\/\/hzd54.lodzka.zhp.pl\/wp-content\/uploads\/2020\/04\/kapitula_stopni_harcerskich_-_raport-1.pdf\">kapitula_stopni_harcerskich_-_raport-1<\/a><a href=\"http:\/\/hzd54.lodzka.zhp.pl\/wp-content\/uploads\/2020\/04\/kapitula_stopni_harcerskich_-_raport-1.pdf\" class=\"wp-block-file__button\" download>Pobierz<\/a><\/div>\n<\/div><\/div>\n<\/div><\/div>\n\n\n\n<p><\/p>\n","protected":false},"excerpt":{"rendered":"<p>Kapitu\u0142a Stopni Harcerskich dzia\u0142a przy Harcerskim Zwi\u0105zku Dru\u017cyn 54-tych. W sk\u0142ad kapitu\u0142y wchodz\u0105: hm. Ewa Wolniak &#8211; przewodnicz\u0105ca pwd. Konrad Banaszewski pwd. Izabela Purzy\u0144ska pwd. Michalina Wroniszewska Spotkania odbywaj\u0105 si\u0119 \u015brednio raz w miesi\u0105cu (otwarcia\/zamkni\u0119cia\/zmiany w pr\u00f3bach), w soboty. Nale\u017cy wcze\u015bniej zg\u0142osi\u0107 ch\u0119\u0107 pojawienia si\u0119 na zbi\u00f3rce danej kapitu\u0142y. Uwaga! Probanci na zbi\u00f3rki kapitu\u0142y przychodz\u0105&hellip;<a href=\"https:\/\/hzd54.piotrkow.zhp.pl\/?page_id=37\" class=\"more-link\">Continue reading <span class=\"screen-reader-text\">Kapitu\u0142a Stopni Harcerskich<\/span><\/a><\/p>\n","protected":false},"author":2,"featured_media":0,"parent":0,"menu_order":0,"comment_status":"closed","ping_status":"closed","template":"","meta":{"footnotes":""},"_links":{"self":[{"href":"https:\/\/hzd54.piotrkow.zhp.pl\/index.php?rest_route=\/wp\/v2\/pages\/37"}],"collection":[{"href":"https:\/\/hzd54.piotrkow.zhp.pl\/index.php?rest_route=\/wp\/v2\/pages"}],"about":[{"href":"https:\/\/hzd54.piotrkow.zhp.pl\/index.php?rest_route=\/wp\/v2\/types\/page"}],"author":[{"embeddable":true,"href":"https:\/\/hzd54.piotrkow.zhp.pl\/index.php?rest_route=\/wp\/v2\/users\/2"}],"replies":[{"embeddable":true,"href":"https:\/\/hzd54.piotrkow.zhp.pl\/index.php?rest_route=%2Fwp%2Fv2%2Fcomments&post=37"}],"version-history":[{"count":3,"href":"https:\/\/hzd54.piotrkow.zhp.pl\/index.php?rest_route=\/wp\/v2\/pages\/37\/revisions"}],"predecessor-version":[{"id":77,"href":"https:\/\/hzd54.piotrkow.zhp.pl\/index.php?rest_route=\/wp\/v2\/pages\/37\/revisions\/77"}],"wp:attachment":[{"href":"https:\/\/hzd54.piotrkow.zhp.pl\/index.php?rest_route=%2Fwp%2Fv2%2Fmedia&parent=37"}],"curies":[{"name":"wp","href":"https:\/\/api.w.org\/{rel}","templated":true}]}}