{"id":39,"date":"2020-04-14T10:50:14","date_gmt":"2020-04-14T10:50:14","guid":{"rendered":"http:\/\/hzd54.lodzka.zhp.pl\/?page_id=39"},"modified":"2020-04-14T12:36:35","modified_gmt":"2020-04-14T12:36:35","slug":"kapitula-stopni-wedrowniczych","status":"publish","type":"page","link":"https:\/\/hzd54.piotrkow.zhp.pl\/?page_id=39","title":{"rendered":"Kapitu\u0142a Stopni W\u0119drowniczych"},"content":{"rendered":"\n<figure class=\"wp-block-image size-large\"><img loading=\"lazy\" decoding=\"async\" width=\"720\" height=\"761\" src=\"http:\/\/hzd54.lodzka.zhp.pl\/wp-content\/uploads\/2020\/04\/2-ksw.jpg\" alt=\"ksw\" class=\"wp-image-52\" srcset=\"https:\/\/hzd54.piotrkow.zhp.pl\/wp-content\/uploads\/2020\/04\/2-ksw.jpg 720w, https:\/\/hzd54.piotrkow.zhp.pl\/wp-content\/uploads\/2020\/04\/2-ksw-284x300.jpg 284w\" sizes=\"(max-width: 720px) 100vw, 720px\" \/><\/figure>\n\n\n\n<p>Kapitu\u0142a Stopni W\u0119drowniczych dzia\u0142a przy Harcerskim Zwi\u0105zku Dru\u017cyn 54-tych.   W sk\u0142ad kapitu\u0142y wchodz\u0105:     <\/p>\n\n\n\n<ul><li>hm. Ewa Wolniak &#8211; przewodnicz\u0105ca <\/li><li>pwd. Konrad Banaszewski <\/li><li>pwd. Izabela Purzy\u0144ska <\/li><li>pwd. Michalina Wroniszewska<\/li><\/ul>\n\n\n\n<p>Spotkania odbywaj\u0105 si\u0119 \u015brednio raz w miesi\u0105cu (otwarcia\/zamkni\u0119cia\/zmiany w pr\u00f3bach), w soboty.   <\/p>\n\n\n\n<p>Nale\u017cy wcze\u015bniej zg\u0142osi\u0107 ch\u0119\u0107 pojawienia si\u0119 na zbi\u00f3rce danej kapitu\u0142y.   <\/p>\n\n\n\n<p>Uwaga! Probanci na zbi\u00f3rki kapitu\u0142y przychodz\u0105 wraz z opiekunami  <\/p>\n\n\n\n<p>Dokumenty: <\/p>\n\n\n\n\n\n\n","protected":false},"excerpt":{"rendered":"<p>Kapitu\u0142a Stopni W\u0119drowniczych dzia\u0142a przy Harcerskim Zwi\u0105zku Dru\u017cyn 54-tych. W sk\u0142ad kapitu\u0142y wchodz\u0105: hm. Ewa Wolniak &#8211; przewodnicz\u0105ca pwd. Konrad Banaszewski pwd. Izabela Purzy\u0144ska pwd. Michalina Wroniszewska Spotkania odbywaj\u0105 si\u0119 \u015brednio raz w miesi\u0105cu (otwarcia\/zamkni\u0119cia\/zmiany w pr\u00f3bach), w soboty. Nale\u017cy wcze\u015bniej zg\u0142osi\u0107 ch\u0119\u0107 pojawienia si\u0119 na zbi\u00f3rce danej kapitu\u0142y. Uwaga! Probanci na zbi\u00f3rki kapitu\u0142y przychodz\u0105&hellip;<a href=\"https:\/\/hzd54.piotrkow.zhp.pl\/?page_id=39\" class=\"more-link\">Continue reading <span class=\"screen-reader-text\">Kapitu\u0142a Stopni W\u0119drowniczych<\/span><\/a><\/p>\n","protected":false},"author":2,"featured_media":0,"parent":0,"menu_order":0,"comment_status":"closed","ping_status":"closed","template":"","meta":{"footnotes":""},"_links":{"self":[{"href":"https:\/\/hzd54.piotrkow.zhp.pl\/index.php?rest_route=\/wp\/v2\/pages\/39"}],"collection":[{"href":"https:\/\/hzd54.piotrkow.zhp.pl\/index.php?rest_route=\/wp\/v2\/pages"}],"about":[{"href":"https:\/\/hzd54.piotrkow.zhp.pl\/index.php?rest_route=\/wp\/v2\/types\/page"}],"author":[{"embeddable":true,"href":"https:\/\/hzd54.piotrkow.zhp.pl\/index.php?rest_route=\/wp\/v2\/users\/2"}],"replies":[{"embeddable":true,"href":"https:\/\/hzd54.piotrkow.zhp.pl\/index.php?rest_route=%2Fwp%2Fv2%2Fcomments&post=39"}],"version-history":[{"count":4,"href":"https:\/\/hzd54.piotrkow.zhp.pl\/index.php?rest_route=\/wp\/v2\/pages\/39\/revisions"}],"predecessor-version":[{"id":145,"href":"https:\/\/hzd54.piotrkow.zhp.pl\/index.php?rest_route=\/wp\/v2\/pages\/39\/revisions\/145"}],"wp:attachment":[{"href":"https:\/\/hzd54.piotrkow.zhp.pl\/index.php?rest_route=%2Fwp%2Fv2%2Fmedia&parent=39"}],"curies":[{"name":"wp","href":"https:\/\/api.w.org\/{rel}","templated":true}]}}